{"id":10251,"date":"2022-02-06T11:27:29","date_gmt":"2022-02-06T10:27:29","guid":{"rendered":"https:\/\/bildton.tv\/shop\/?post_type=product&#038;p=10251"},"modified":"2025-12-16T10:51:53","modified_gmt":"2025-12-16T09:51:53","slug":"abc-products-dslr-light-jib-2","status":"publish","type":"product","link":"https:\/\/bildton.tv\/shop\/verkauf\/lighting-support\/abc-products-dslr-light-jib-2\/","title":{"rendered":"ABC PRODUCTS DSLR LIGHT-JIB 8230-00"},"content":{"rendered":"<h1>ABC PRODUCTS DSLR LIGHT-JIB<\/h1>\n<p>Der DSLR Light-Jib ist ein sehr leichter und kompakter Jibarm, der gleichzeitig auch als kleiner Kran fungiert.<br \/>\nMit einem dank Carbonrohre auf 3,9kg reduziertem Gewicht und geringen Packma\u00dfen ist er wie das gesamte Equipment von ABC Products f\u00fcr einen mobilen Einsatz konzipiert. Die \u00e4u\u00dferst kurze Aufbauzeit von nur wenigen Sekunden und ein QuickPin-System erm\u00f6glichen dar\u00fcber hinaus flinke Orts- und Einstellungswechsel. Mit einer Auslegerl\u00e4nge von 1,52m und einer Traglast von 4,5kg ist er dabei zudem \u00e4u\u00dferst vielseitig einsetzbar.<\/p>\n<p>Die Nivellierung erfolgt \u00fcber eine teleskopierbare Gegengewichtsstange, die auf die Aufnahme von runden Fitnessgewichten ausgerichtet ist!<br \/>\nDie Gegengewichte sind \u00fcber einen speziellen Korkgriff gesichert mit dem der Light-Jib wie ein Kran geschwenkt werden kann!<br \/>\nEin weiterer Handgriff mit werkzeugloser Schnellklemmung kann in nahezu jeder Stellung variabel positioniert werden!<br \/>\nDie Kameraperspektive kann horizontal gerichtet sein oder \u00fcber die stufenlose H\u00f6henverstellung der Parallelogrammstange, im Winkel variabel erfolgen!<br \/>\nEin spezielles Drehlager l\u00e4sst den Light-Jib gleiten, ohne hierdurch ein st\u00f6rendes Nachwippen beim Stoppen zu erwirken!<\/p>\n","protected":false},"excerpt":{"rendered":"<h4>Lieferumfang<\/h4>\n<ul>\n<li>1x ABC PRODUCTS DSLR LIGHT-JIB<\/li>\n<li>2&#215;1,25kg\/2&#215;2,5kg\/1x5kg Gewichte<\/li>\n<li>1x Tasche f\u00fcr Gewichte<\/li>\n<li>1x Klemme f\u00fcr Gewichte<\/li>\n<li>1x Tasche f\u00fcr JIBarm<\/li>\n<li>1x 1\/4&#8243; Schraube Lang (f\u00fcr Kamera)<\/li>\n<li>1x Monitorhalter 2tlg. mit 1\/4 Schraube + Feststellschraube<\/li>\n<li>2x Sicherungsstifte<\/li>\n<li>1x Rillen Rohr<\/li>\n<li>1x Handgriff als (Endanschlag hinten)<\/li>\n<li>1 x Handgriff (Kork)<\/li>\n<li>1x Sterngriffschraube + Distanzscheibe<\/li>\n<li>1x ABC Alu Beine f\u00fcr DSLR Jib<\/li>\n<li>ACHTUNG! &#8211; Stativbeine sind nicht im Angebot enthalten<\/li>\n<\/ul>\n","protected":false},"featured_media":9432,"template":"","meta":[],"product_brand":[],"product_cat":[1068],"product_tag":[397,1078,398,1079],"class_list":{"0":"post-10251","1":"product","2":"type-product","3":"status-publish","4":"has-post-thumbnail","6":"product_cat-lighting-support","7":"product_tag-abc-light-jib","8":"product_tag-abc-products","9":"product_tag-dslr-jib","10":"product_tag-jib-arm","12":"first","13":"instock","14":"sale","15":"taxable","16":"shipping-taxable","17":"purchasable","18":"product-type-simple"},"_links":{"self":[{"href":"https:\/\/bildton.tv\/shop\/wp-json\/wp\/v2\/product\/10251","targetHints":{"allow":["GET"]}}],"collection":[{"href":"https:\/\/bildton.tv\/shop\/wp-json\/wp\/v2\/product"}],"about":[{"href":"https:\/\/bildton.tv\/shop\/wp-json\/wp\/v2\/types\/product"}],"version-history":[{"count":3,"href":"https:\/\/bildton.tv\/shop\/wp-json\/wp\/v2\/product\/10251\/revisions"}],"predecessor-version":[{"id":13867,"href":"https:\/\/bildton.tv\/shop\/wp-json\/wp\/v2\/product\/10251\/revisions\/13867"}],"wp:featuredmedia":[{"embeddable":true,"href":"https:\/\/bildton.tv\/shop\/wp-json\/wp\/v2\/media\/9432"}],"wp:attachment":[{"href":"https:\/\/bildton.tv\/shop\/wp-json\/wp\/v2\/media?parent=10251"}],"wp:term":[{"taxonomy":"product_brand","embeddable":true,"href":"https:\/\/bildton.tv\/shop\/wp-json\/wp\/v2\/product_brand?post=10251"},{"taxonomy":"product_cat","embeddable":true,"href":"https:\/\/bildton.tv\/shop\/wp-json\/wp\/v2\/product_cat?post=10251"},{"taxonomy":"product_tag","embeddable":true,"href":"https:\/\/bildton.tv\/shop\/wp-json\/wp\/v2\/product_tag?post=10251"}],"curies":[{"name":"wp","href":"https:\/\/api.w.org\/{rel}","templated":true}]}}