{"id":10431,"date":"2022-02-12T21:35:51","date_gmt":"2022-02-12T20:35:51","guid":{"rendered":"https:\/\/bildton.tv\/shop\/?post_type=product&#038;p=10431"},"modified":"2024-07-05T09:21:40","modified_gmt":"2024-07-05T07:21:40","slug":"handwaermer-waermepad","status":"publish","type":"product","link":"https:\/\/bildton.tv\/shop\/verkauf\/neu-ware\/handwaermer-waermepad\/","title":{"rendered":"HEAT factory HANDW\u00c4RMER &#8211; W\u00c4RMEPAD"},"content":{"rendered":"<h1>HANDW\u00c4RMER &#8211; W\u00c4RMEPAD<\/h1>\n<p>Passend f\u00fcr z.B. Porta Brace Polarb\u00e4r POL-3<\/p>\n<p>&nbsp;<\/p>\n<p>Nie mehr unterwegs frieren.<\/p>\n<p>&#8222;sichere und sofortige W\u00e4rme, ideal f\u00fcr Veranstaltungen im Freien, Camping, Snowboarden sowie Muskelkater.<\/p>\n<p>&nbsp;<\/p>\n","protected":false},"excerpt":{"rendered":"<h4>Lieferumfang<\/h4>\n<ul>\n<li>1x HANDW\u00c4RMER &#8211; W\u00c4RMEPAD<\/li>\n<\/ul>\n","protected":false},"featured_media":13132,"template":"","meta":[],"product_brand":[],"product_cat":[741],"product_tag":[667,668],"class_list":{"0":"post-10431","1":"product","2":"type-product","3":"status-publish","4":"has-post-thumbnail","6":"product_cat-neu-ware","7":"product_tag-handwaermer","8":"product_tag-waermepad","10":"first","11":"instock","12":"taxable","13":"shipping-taxable","14":"purchasable","15":"product-type-simple"},"_links":{"self":[{"href":"https:\/\/bildton.tv\/shop\/wp-json\/wp\/v2\/product\/10431","targetHints":{"allow":["GET"]}}],"collection":[{"href":"https:\/\/bildton.tv\/shop\/wp-json\/wp\/v2\/product"}],"about":[{"href":"https:\/\/bildton.tv\/shop\/wp-json\/wp\/v2\/types\/product"}],"version-history":[{"count":1,"href":"https:\/\/bildton.tv\/shop\/wp-json\/wp\/v2\/product\/10431\/revisions"}],"predecessor-version":[{"id":13282,"href":"https:\/\/bildton.tv\/shop\/wp-json\/wp\/v2\/product\/10431\/revisions\/13282"}],"wp:featuredmedia":[{"embeddable":true,"href":"https:\/\/bildton.tv\/shop\/wp-json\/wp\/v2\/media\/13132"}],"wp:attachment":[{"href":"https:\/\/bildton.tv\/shop\/wp-json\/wp\/v2\/media?parent=10431"}],"wp:term":[{"taxonomy":"product_brand","embeddable":true,"href":"https:\/\/bildton.tv\/shop\/wp-json\/wp\/v2\/product_brand?post=10431"},{"taxonomy":"product_cat","embeddable":true,"href":"https:\/\/bildton.tv\/shop\/wp-json\/wp\/v2\/product_cat?post=10431"},{"taxonomy":"product_tag","embeddable":true,"href":"https:\/\/bildton.tv\/shop\/wp-json\/wp\/v2\/product_tag?post=10431"}],"curies":[{"name":"wp","href":"https:\/\/api.w.org\/{rel}","templated":true}]}}