{"id":11699,"date":"2023-02-15T12:40:50","date_gmt":"2023-02-15T11:40:50","guid":{"rendered":"https:\/\/bildton.tv\/shop\/?post_type=product&#038;p=11699"},"modified":"2025-01-23T09:27:39","modified_gmt":"2025-01-23T08:27:39","slug":"chrosziel-chaos-cable-ties-kabelbinder-flache-klebeseite","status":"publish","type":"product","link":"https:\/\/bildton.tv\/shop\/verkauf\/neu-ware\/chrosziel-chaos-cable-ties-kabelbinder-flache-klebeseite\/","title":{"rendered":"Chrosziel Chaos Cable Ties &#8211; Kabelbinder flache Klebeseite"},"content":{"rendered":"<p>Ordne die Kabel an Deiner Kamera mit Chrosziels Chaos Cable Ties.<\/p>\n<p>Gro\u00dfartig, um \u00fcbersch\u00fcssige Kabel am Set zu b\u00e4ndigen. Aufgrund der Gewinde k\u00f6nnen sie immer wieder verwendet werden.<\/p>\n","protected":false},"excerpt":{"rendered":"<ol>\n<li>St\u00fcck, flache Klebeseite<\/li>\n<\/ol>\n","protected":false},"featured_media":11700,"template":"","meta":[],"product_brand":[],"product_cat":[741],"product_tag":[831,194,832],"class_list":{"0":"post-11699","1":"product","2":"type-product","3":"status-publish","4":"has-post-thumbnail","6":"product_cat-neu-ware","7":"product_tag-chaos-cable-ties","8":"product_tag-chrosziel","9":"product_tag-kabelbinder","11":"first","12":"instock","13":"taxable","14":"shipping-taxable","15":"purchasable","16":"product-type-simple"},"_links":{"self":[{"href":"https:\/\/bildton.tv\/shop\/wp-json\/wp\/v2\/product\/11699","targetHints":{"allow":["GET"]}}],"collection":[{"href":"https:\/\/bildton.tv\/shop\/wp-json\/wp\/v2\/product"}],"about":[{"href":"https:\/\/bildton.tv\/shop\/wp-json\/wp\/v2\/types\/product"}],"version-history":[{"count":1,"href":"https:\/\/bildton.tv\/shop\/wp-json\/wp\/v2\/product\/11699\/revisions"}],"predecessor-version":[{"id":13554,"href":"https:\/\/bildton.tv\/shop\/wp-json\/wp\/v2\/product\/11699\/revisions\/13554"}],"wp:featuredmedia":[{"embeddable":true,"href":"https:\/\/bildton.tv\/shop\/wp-json\/wp\/v2\/media\/11700"}],"wp:attachment":[{"href":"https:\/\/bildton.tv\/shop\/wp-json\/wp\/v2\/media?parent=11699"}],"wp:term":[{"taxonomy":"product_brand","embeddable":true,"href":"https:\/\/bildton.tv\/shop\/wp-json\/wp\/v2\/product_brand?post=11699"},{"taxonomy":"product_cat","embeddable":true,"href":"https:\/\/bildton.tv\/shop\/wp-json\/wp\/v2\/product_cat?post=11699"},{"taxonomy":"product_tag","embeddable":true,"href":"https:\/\/bildton.tv\/shop\/wp-json\/wp\/v2\/product_tag?post=11699"}],"curies":[{"name":"wp","href":"https:\/\/api.w.org\/{rel}","templated":true}]}}