{"id":11704,"date":"2023-02-15T12:26:22","date_gmt":"2023-02-15T11:26:22","guid":{"rendered":"https:\/\/bildton.tv\/shop\/?post_type=product&#038;p=11704"},"modified":"2025-01-23T09:27:15","modified_gmt":"2025-01-23T08:27:15","slug":"chrosziel-chaos-cable-ties-kabelbinder-3-8","status":"publish","type":"product","link":"https:\/\/bildton.tv\/shop\/verkauf\/neu-ware\/chrosziel-chaos-cable-ties-kabelbinder-3-8\/","title":{"rendered":"Chrosziel Chaos Cable Ties &#8211; Kabelbinder 3\/8&#8243;"},"content":{"rendered":"<p>Ordne die Kabel an Deiner Kamera mit Chrosziels Chaos Cable Ties.<\/p>\n<p>Gro\u00dfartig, um \u00fcbersch\u00fcssige Kabel an Camcorder zu b\u00e4ndigen.<\/p>\n<div class=\"cz-product-detail-description\">\n<div class=\"cz-product-detail-text\">\n<div>\n<div>Aufgrund der Gewinde k\u00f6nnen sie wieder verwendet werden.<\/div>\n<\/div>\n<div><\/div>\n<\/div>\n<\/div>\n<div class=\"para-container\"><\/div>\n","protected":false},"excerpt":{"rendered":"<p>1 St\u00fcck, 3\/8&#8243; zum anschrauben.<\/p>\n","protected":false},"featured_media":11701,"template":"","meta":[],"product_brand":[],"product_cat":[741],"product_tag":[831,194,832],"class_list":{"0":"post-11704","1":"product","2":"type-product","3":"status-publish","4":"has-post-thumbnail","6":"product_cat-neu-ware","7":"product_tag-chaos-cable-ties","8":"product_tag-chrosziel","9":"product_tag-kabelbinder","11":"first","12":"instock","13":"taxable","14":"shipping-taxable","15":"purchasable","16":"product-type-simple"},"_links":{"self":[{"href":"https:\/\/bildton.tv\/shop\/wp-json\/wp\/v2\/product\/11704","targetHints":{"allow":["GET"]}}],"collection":[{"href":"https:\/\/bildton.tv\/shop\/wp-json\/wp\/v2\/product"}],"about":[{"href":"https:\/\/bildton.tv\/shop\/wp-json\/wp\/v2\/types\/product"}],"version-history":[{"count":1,"href":"https:\/\/bildton.tv\/shop\/wp-json\/wp\/v2\/product\/11704\/revisions"}],"predecessor-version":[{"id":13555,"href":"https:\/\/bildton.tv\/shop\/wp-json\/wp\/v2\/product\/11704\/revisions\/13555"}],"wp:featuredmedia":[{"embeddable":true,"href":"https:\/\/bildton.tv\/shop\/wp-json\/wp\/v2\/media\/11701"}],"wp:attachment":[{"href":"https:\/\/bildton.tv\/shop\/wp-json\/wp\/v2\/media?parent=11704"}],"wp:term":[{"taxonomy":"product_brand","embeddable":true,"href":"https:\/\/bildton.tv\/shop\/wp-json\/wp\/v2\/product_brand?post=11704"},{"taxonomy":"product_cat","embeddable":true,"href":"https:\/\/bildton.tv\/shop\/wp-json\/wp\/v2\/product_cat?post=11704"},{"taxonomy":"product_tag","embeddable":true,"href":"https:\/\/bildton.tv\/shop\/wp-json\/wp\/v2\/product_tag?post=11704"}],"curies":[{"name":"wp","href":"https:\/\/api.w.org\/{rel}","templated":true}]}}