{"id":11772,"date":"2023-02-28T11:15:54","date_gmt":"2023-02-28T10:15:54","guid":{"rendered":"https:\/\/bildton.tv\/shop\/?post_type=product&#038;p=11772"},"modified":"2025-01-23T09:32:40","modified_gmt":"2025-01-23T08:32:40","slug":"sachtler-adapter-zubehoer-mit-15mm-rohraufnahme-wie-3985","status":"publish","type":"product","link":"https:\/\/bildton.tv\/shop\/verkauf\/neu-ware\/sachtler-adapter-zubehoer-mit-15mm-rohraufnahme-wie-3985\/","title":{"rendered":"Sachtler Adapter Zubeh\u00f6r mit 15mm Rohraufnahme (wie 3985 )"},"content":{"rendered":"","protected":false},"excerpt":{"rendered":"<p>f\u00fcr Fluidk\u00f6pfe mit Adapter Sucherlupenst\u00fctze. Diese Version hat eine 15mm Rohraunahme<\/p>\n","protected":false},"featured_media":11775,"template":"","meta":[],"product_brand":[],"product_cat":[741],"product_tag":[138,844,846],"class_list":{"0":"post-11772","1":"product","2":"type-product","3":"status-publish","4":"has-post-thumbnail","6":"product_cat-neu-ware","7":"product_tag-sachtler","8":"product_tag-sachtler-3985","9":"product_tag-sachtler-zubehoer","11":"first","12":"instock","13":"taxable","14":"shipping-taxable","15":"purchasable","16":"product-type-simple"},"_links":{"self":[{"href":"https:\/\/bildton.tv\/shop\/wp-json\/wp\/v2\/product\/11772","targetHints":{"allow":["GET"]}}],"collection":[{"href":"https:\/\/bildton.tv\/shop\/wp-json\/wp\/v2\/product"}],"about":[{"href":"https:\/\/bildton.tv\/shop\/wp-json\/wp\/v2\/types\/product"}],"version-history":[{"count":1,"href":"https:\/\/bildton.tv\/shop\/wp-json\/wp\/v2\/product\/11772\/revisions"}],"predecessor-version":[{"id":13558,"href":"https:\/\/bildton.tv\/shop\/wp-json\/wp\/v2\/product\/11772\/revisions\/13558"}],"wp:featuredmedia":[{"embeddable":true,"href":"https:\/\/bildton.tv\/shop\/wp-json\/wp\/v2\/media\/11775"}],"wp:attachment":[{"href":"https:\/\/bildton.tv\/shop\/wp-json\/wp\/v2\/media?parent=11772"}],"wp:term":[{"taxonomy":"product_brand","embeddable":true,"href":"https:\/\/bildton.tv\/shop\/wp-json\/wp\/v2\/product_brand?post=11772"},{"taxonomy":"product_cat","embeddable":true,"href":"https:\/\/bildton.tv\/shop\/wp-json\/wp\/v2\/product_cat?post=11772"},{"taxonomy":"product_tag","embeddable":true,"href":"https:\/\/bildton.tv\/shop\/wp-json\/wp\/v2\/product_tag?post=11772"}],"curies":[{"name":"wp","href":"https:\/\/api.w.org\/{rel}","templated":true}]}}