{"id":11918,"date":"2023-05-05T12:15:32","date_gmt":"2023-05-05T10:15:32","guid":{"rendered":"https:\/\/bildton.tv\/shop\/?post_type=product&#038;p=11918"},"modified":"2025-01-23T09:36:00","modified_gmt":"2025-01-23T08:36:00","slug":"vocas-aluminum-15-mm-rail-rod-rohr-laenge-750-mm-1-stk","status":"publish","type":"product","link":"https:\/\/bildton.tv\/shop\/verkauf\/neu-ware\/vocas-aluminum-15-mm-rail-rod-rohr-laenge-750-mm-1-stk\/","title":{"rendered":"Vocas Aluminum 15 mm Rail, Rod, Rohr l\u00e4nge 750 mm (1 Stk.)"},"content":{"rendered":"<p>Hochwertig bearbeitete Aluminiumschienen in verschiedenen Gr\u00f6\u00dfen. Vocas-Schienen sind aus hochwertigem, leichtem Aluminium mit hoher Pr\u00e4zision gefertigt.<\/p>\n","protected":false},"excerpt":{"rendered":"<table id=\"product-attribute-specs-table\" class=\"data-table\" style=\"color: #333333;font-size: 16px\">\n<colgroup>\n<col width=\"40%\" \/>\n<col \/><\/colgroup>\n<tbody>\n<tr class=\"first odd\">\n<th class=\"label\">Manufacturer<\/th>\n<td class=\"data last\">Vocas Products<\/td>\n<\/tr>\n<tr class=\"even\">\n<th class=\"label\">Length<\/th>\n<td class=\"data last\">750 mm<\/td>\n<\/tr>\n<tr class=\"odd\">\n<th class=\"label\">Bars system<\/th>\n<td class=\"data last\">15 mm<\/td>\n<\/tr>\n<tr class=\"even\">\n<th class=\"label\">Color<\/th>\n<td class=\"data last\">Silver<\/td>\n<\/tr>\n<tr class=\"odd\">\n<th class=\"label\">Material<\/th>\n<td class=\"data last\">Aluminum<\/td>\n<\/tr>\n<tr class=\"even\">\n<th class=\"label\">Weight (gr.)<\/th>\n<td class=\"data last\">180<\/td>\n<\/tr>\n<tr class=\"odd\">\n<th class=\"label\">EAN<\/th>\n<td class=\"data last\">8720041004813<\/td>\n<\/tr>\n<tr class=\"last even\">\n<th class=\"label\">Manufacturer Item code<\/th>\n<td class=\"data last\">0350-9750<\/td>\n<\/tr>\n<\/tbody>\n<\/table>\n","protected":false},"featured_media":12295,"template":"","meta":[],"product_brand":[],"product_cat":[741],"product_tag":[897,895,894,896,893],"class_list":{"0":"post-11918","1":"product","2":"type-product","3":"status-publish","4":"has-post-thumbnail","6":"product_cat-neu-ware","7":"product_tag-19mm","8":"product_tag-rail","9":"product_tag-rods","10":"product_tag-rohr","11":"product_tag-vocas","13":"first","14":"instock","15":"taxable","16":"shipping-taxable","17":"purchasable","18":"product-type-simple"},"_links":{"self":[{"href":"https:\/\/bildton.tv\/shop\/wp-json\/wp\/v2\/product\/11918","targetHints":{"allow":["GET"]}}],"collection":[{"href":"https:\/\/bildton.tv\/shop\/wp-json\/wp\/v2\/product"}],"about":[{"href":"https:\/\/bildton.tv\/shop\/wp-json\/wp\/v2\/types\/product"}],"version-history":[{"count":1,"href":"https:\/\/bildton.tv\/shop\/wp-json\/wp\/v2\/product\/11918\/revisions"}],"predecessor-version":[{"id":13653,"href":"https:\/\/bildton.tv\/shop\/wp-json\/wp\/v2\/product\/11918\/revisions\/13653"}],"wp:featuredmedia":[{"embeddable":true,"href":"https:\/\/bildton.tv\/shop\/wp-json\/wp\/v2\/media\/12295"}],"wp:attachment":[{"href":"https:\/\/bildton.tv\/shop\/wp-json\/wp\/v2\/media?parent=11918"}],"wp:term":[{"taxonomy":"product_brand","embeddable":true,"href":"https:\/\/bildton.tv\/shop\/wp-json\/wp\/v2\/product_brand?post=11918"},{"taxonomy":"product_cat","embeddable":true,"href":"https:\/\/bildton.tv\/shop\/wp-json\/wp\/v2\/product_cat?post=11918"},{"taxonomy":"product_tag","embeddable":true,"href":"https:\/\/bildton.tv\/shop\/wp-json\/wp\/v2\/product_tag?post=11918"}],"curies":[{"name":"wp","href":"https:\/\/api.w.org\/{rel}","templated":true}]}}