{"id":12036,"date":"2023-06-19T12:20:46","date_gmt":"2023-06-19T10:20:46","guid":{"rendered":"https:\/\/bildton.tv\/shop\/?post_type=product&#038;p=12036"},"modified":"2025-07-28T13:31:31","modified_gmt":"2025-07-28T11:31:31","slug":"sony-selp18110g-e-pz-18-110mm-f4","status":"publish","type":"product","link":"https:\/\/bildton.tv\/shop\/verkauf\/camera-more\/sony-selp18110g-e-pz-18-110mm-f4\/","title":{"rendered":"Sony SELP18110G, E PZ 18-110mm\/F4"},"content":{"rendered":"<div class=\"t2 editorial-headline js-editorial-headline\"><strong>Leistungsstarker Super 35mm-\/APS-C-Zoom f\u00fcr Aufnahmen in 4K<\/strong><\/div>\n<p class=\"p2 editorial-body-copy js-editorial-body-copy\">Der Zoombereich von 18 bis 110 mm umfasst den am h\u00e4ufigsten verwendeten Bereich f\u00fcr Aufnahmen in Super 35mm\/APS-C mit einer konstanten maximalen Blenden\u00f6ffnung von F4. Die optische Leistung von G Objektiven erm\u00f6glicht eine Bildqualit\u00e4t, die f\u00fcr gleichm\u00e4\u00dfige Aufnahmen in 4K bis in die Randbereiche geeignet ist. Das SMO-Design von Sony minimiert die Verschiebung von Bildern mithilfe des Objektivs, w\u00e4hrend die hochwertige Zoomsteuerung und der optimierte Fokus zur professionellen Gesamtleistung beitragen.<\/p>\n","protected":false},"excerpt":{"rendered":"<p>Leistungsstarker Super 35mm-\/APS-C-Zoom f\u00fcr Aufnahmen in 4K Der Zoombereich von 18 bis 110 mm umfasst den am h\u00e4ufigsten verwendeten Bereich<\/p>\n","protected":false},"featured_media":13036,"template":"","meta":[],"product_brand":[],"product_cat":[1067],"product_tag":[932,931,926,930,89,318,915],"class_list":{"0":"post-12036","1":"product","2":"type-product","3":"status-publish","4":"has-post-thumbnail","6":"product_cat-camera-more","7":"product_tag-18-110mm","8":"product_tag-e-pz","9":"product_tag-f-mount","10":"product_tag-selp18110g","11":"product_tag-sony","12":"product_tag-sony-objektiv","13":"product_tag-super-35","15":"first","16":"outofstock","17":"taxable","18":"shipping-taxable","19":"purchasable","20":"product-type-simple"},"_links":{"self":[{"href":"https:\/\/bildton.tv\/shop\/wp-json\/wp\/v2\/product\/12036","targetHints":{"allow":["GET"]}}],"collection":[{"href":"https:\/\/bildton.tv\/shop\/wp-json\/wp\/v2\/product"}],"about":[{"href":"https:\/\/bildton.tv\/shop\/wp-json\/wp\/v2\/types\/product"}],"version-history":[{"count":1,"href":"https:\/\/bildton.tv\/shop\/wp-json\/wp\/v2\/product\/12036\/revisions"}],"predecessor-version":[{"id":13341,"href":"https:\/\/bildton.tv\/shop\/wp-json\/wp\/v2\/product\/12036\/revisions\/13341"}],"wp:featuredmedia":[{"embeddable":true,"href":"https:\/\/bildton.tv\/shop\/wp-json\/wp\/v2\/media\/13036"}],"wp:attachment":[{"href":"https:\/\/bildton.tv\/shop\/wp-json\/wp\/v2\/media?parent=12036"}],"wp:term":[{"taxonomy":"product_brand","embeddable":true,"href":"https:\/\/bildton.tv\/shop\/wp-json\/wp\/v2\/product_brand?post=12036"},{"taxonomy":"product_cat","embeddable":true,"href":"https:\/\/bildton.tv\/shop\/wp-json\/wp\/v2\/product_cat?post=12036"},{"taxonomy":"product_tag","embeddable":true,"href":"https:\/\/bildton.tv\/shop\/wp-json\/wp\/v2\/product_tag?post=12036"}],"curies":[{"name":"wp","href":"https:\/\/api.w.org\/{rel}","templated":true}]}}