{"id":12738,"date":"2024-01-12T12:15:07","date_gmt":"2024-01-12T11:15:07","guid":{"rendered":"https:\/\/bildton.tv\/shop\/?post_type=product&#038;p=12738"},"modified":"2024-12-16T15:25:42","modified_gmt":"2024-12-16T14:25:42","slug":"sachtler-stativkoecher","status":"publish","type":"product","link":"https:\/\/bildton.tv\/shop\/verkauf\/lighting-support\/sachtler-stativkoecher\/","title":{"rendered":"Sachtler Stativk\u00f6cher \u00d820"},"content":{"rendered":"","protected":false},"excerpt":{"rendered":"<p>L\u00e4nge<\/p>\n","protected":false},"featured_media":13024,"template":"","meta":[],"product_brand":[],"product_cat":[1068],"product_tag":[803,1002,138,510,999],"class_list":{"0":"post-12738","1":"product","2":"type-product","3":"status-publish","4":"has-post-thumbnail","6":"product_cat-lighting-support","7":"product_tag-fsb","8":"product_tag-futteral","9":"product_tag-sachtler","10":"product_tag-stativ","11":"product_tag-stativkoecher","13":"first","14":"instock","15":"sale","16":"taxable","17":"shipping-taxable","18":"purchasable","19":"product-type-simple"},"_links":{"self":[{"href":"https:\/\/bildton.tv\/shop\/wp-json\/wp\/v2\/product\/12738","targetHints":{"allow":["GET"]}}],"collection":[{"href":"https:\/\/bildton.tv\/shop\/wp-json\/wp\/v2\/product"}],"about":[{"href":"https:\/\/bildton.tv\/shop\/wp-json\/wp\/v2\/types\/product"}],"version-history":[{"count":2,"href":"https:\/\/bildton.tv\/shop\/wp-json\/wp\/v2\/product\/12738\/revisions"}],"predecessor-version":[{"id":13602,"href":"https:\/\/bildton.tv\/shop\/wp-json\/wp\/v2\/product\/12738\/revisions\/13602"}],"wp:featuredmedia":[{"embeddable":true,"href":"https:\/\/bildton.tv\/shop\/wp-json\/wp\/v2\/media\/13024"}],"wp:attachment":[{"href":"https:\/\/bildton.tv\/shop\/wp-json\/wp\/v2\/media?parent=12738"}],"wp:term":[{"taxonomy":"product_brand","embeddable":true,"href":"https:\/\/bildton.tv\/shop\/wp-json\/wp\/v2\/product_brand?post=12738"},{"taxonomy":"product_cat","embeddable":true,"href":"https:\/\/bildton.tv\/shop\/wp-json\/wp\/v2\/product_cat?post=12738"},{"taxonomy":"product_tag","embeddable":true,"href":"https:\/\/bildton.tv\/shop\/wp-json\/wp\/v2\/product_tag?post=12738"}],"curies":[{"name":"wp","href":"https:\/\/api.w.org\/{rel}","templated":true}]}}