{"id":12815,"date":"2024-02-09T14:40:45","date_gmt":"2024-02-09T13:40:45","guid":{"rendered":"https:\/\/bildton.tv\/shop\/?post_type=product&#038;p=12815"},"modified":"2024-10-18T09:44:23","modified_gmt":"2024-10-18T07:44:23","slug":"small-hd-focus7-monitor-hdmi","status":"publish","type":"product","link":"https:\/\/bildton.tv\/shop\/verkauf\/camera-more\/small-hd-focus7-monitor-hdmi\/","title":{"rendered":"Small HD Focus7 Monitor HDMI"},"content":{"rendered":"<p>Der SmallHD FOCUS 7 Full HD-Touchscreen-Monitor erweitert die FOCUS-Familie um einen flachen, aber gr\u00f6\u00dferen On-Camera-Monitor. Mit seinem hochaufl\u00f6senden, bei Tageslicht gut lesbaren 7-Zoll-Display eignet er sich gut zum Arbeiten am Set und ist nicht zu gro\u00df f\u00fcr die Montage an Kamera-Rigs. Der Monitor ist ein Leichtgewicht und in einem robusten Geh\u00e4use verbaut, das den Strapazen der Produktion standh\u00e4lt.<\/p>\n<p>&nbsp;<\/p>\n<p>Anschl\u00fcsse<\/p>\n<p>HDMI \u2013 HDMI-Eingang in voller Gr\u00f6\u00dfe<br \/>\nAudio \u2013 1\/8-Zoll-Stereo-Miniklinke<br \/>\nStromeingang \u2013 2x Sony L-Style-Akkusteckpl\u00e4tze<br \/>\nStromausgang \u2013 H\u00fclse (3,5 mm au\u00dfen, 1,1 mm innen) zur Stromversorgung Ihrer kompatiblen Kamera \u00fcber Batterieadapterkabel<br \/>\nUSB &#8211; 1x microUSB<\/p>\n","protected":false},"excerpt":{"rendered":"<p>Der SmallHD FOCUS 7 Full HD-Touchscreen-Monitor erweitert die FOCUS-Familie um einen flachen, aber gr\u00f6\u00dferen On-Camera-Monitor. Mit seinem hochaufl\u00f6senden, bei Tageslicht<\/p>\n","protected":false},"featured_media":12978,"template":"","meta":[],"product_brand":[],"product_cat":[1067],"product_tag":[1011,1010,1048,292,128],"class_list":{"0":"post-12815","1":"product","2":"type-product","3":"status-publish","4":"has-post-thumbnail","6":"product_cat-camera-more","7":"product_tag-7-zoll","8":"product_tag-focus7","9":"product_tag-gebrauchte-small-hd","10":"product_tag-monitor","11":"product_tag-smallhd","13":"first","14":"outofstock","15":"taxable","16":"shipping-taxable","17":"purchasable","18":"product-type-simple"},"_links":{"self":[{"href":"https:\/\/bildton.tv\/shop\/wp-json\/wp\/v2\/product\/12815","targetHints":{"allow":["GET"]}}],"collection":[{"href":"https:\/\/bildton.tv\/shop\/wp-json\/wp\/v2\/product"}],"about":[{"href":"https:\/\/bildton.tv\/shop\/wp-json\/wp\/v2\/types\/product"}],"version-history":[{"count":1,"href":"https:\/\/bildton.tv\/shop\/wp-json\/wp\/v2\/product\/12815\/revisions"}],"predecessor-version":[{"id":13328,"href":"https:\/\/bildton.tv\/shop\/wp-json\/wp\/v2\/product\/12815\/revisions\/13328"}],"wp:featuredmedia":[{"embeddable":true,"href":"https:\/\/bildton.tv\/shop\/wp-json\/wp\/v2\/media\/12978"}],"wp:attachment":[{"href":"https:\/\/bildton.tv\/shop\/wp-json\/wp\/v2\/media?parent=12815"}],"wp:term":[{"taxonomy":"product_brand","embeddable":true,"href":"https:\/\/bildton.tv\/shop\/wp-json\/wp\/v2\/product_brand?post=12815"},{"taxonomy":"product_cat","embeddable":true,"href":"https:\/\/bildton.tv\/shop\/wp-json\/wp\/v2\/product_cat?post=12815"},{"taxonomy":"product_tag","embeddable":true,"href":"https:\/\/bildton.tv\/shop\/wp-json\/wp\/v2\/product_tag?post=12815"}],"curies":[{"name":"wp","href":"https:\/\/api.w.org\/{rel}","templated":true}]}}