{"id":12897,"date":"2024-03-06T11:01:10","date_gmt":"2024-03-06T10:01:10","guid":{"rendered":"https:\/\/bildton.tv\/shop\/?post_type=product&#038;p=12897"},"modified":"2025-01-23T09:28:00","modified_gmt":"2025-01-23T08:28:00","slug":"elastic-cable-tie-elastischer-kabelbinder-10-stueck","status":"publish","type":"product","link":"https:\/\/bildton.tv\/shop\/verkauf\/neu-ware\/elastic-cable-tie-elastischer-kabelbinder-10-stueck\/","title":{"rendered":"Elastic Cable Tie \/ Elastischer Kabelbinder, 10 St\u00fcck"},"content":{"rendered":"<p>Die elastische Kabelbinder besteht aus dehnbarem und haltbarem Gummi mit Holzknebel, sodass Sie den Gummi einfach \u00fcber den Knebel ziehen k\u00f6nnen, um eine sichere Bindung zu gew\u00e4hrleisten. Perfekte Kabelmanagementl\u00f6sung, um Ihre Kabel sauber aufgerollt und frei von sch\u00e4dlichen Knicken zu halten. Diese gro\u00dfartigen, praktischen elastischen Kabelbinder sind ein Muss f\u00fcr Fotografen, Filmemacher, Musiker und Audioprofis, um Kabel, Kabel und Spannplanen zu organisieren.<\/p>\n","protected":false},"excerpt":{"rendered":"<ul>\n<li>Aus haltbarem Gummimaterial mit Holzknebel<\/li>\n<li>Perfekte Kabelmanagementl\u00f6sung.<\/li>\n<li>Farbe in Schwarz und Blau<\/li>\n<\/ul>\n","protected":false},"featured_media":13119,"template":"","meta":[],"product_brand":[],"product_cat":[741],"product_tag":[1043,1041,1042,1044,832,1039,1040],"class_list":{"0":"post-12897","1":"product","2":"type-product","3":"status-publish","4":"has-post-thumbnail","6":"product_cat-neu-ware","7":"product_tag-bongo-ties","8":"product_tag-elastic-cable-tie","9":"product_tag-elastischer-kabelbinder","10":"product_tag-gummi-kabelbinder","11":"product_tag-kabelbinder","12":"product_tag-kupo","13":"product_tag-kupogrip","15":"first","16":"instock","17":"taxable","18":"shipping-taxable","19":"purchasable","20":"product-type-simple"},"_links":{"self":[{"href":"https:\/\/bildton.tv\/shop\/wp-json\/wp\/v2\/product\/12897","targetHints":{"allow":["GET"]}}],"collection":[{"href":"https:\/\/bildton.tv\/shop\/wp-json\/wp\/v2\/product"}],"about":[{"href":"https:\/\/bildton.tv\/shop\/wp-json\/wp\/v2\/types\/product"}],"version-history":[{"count":1,"href":"https:\/\/bildton.tv\/shop\/wp-json\/wp\/v2\/product\/12897\/revisions"}],"predecessor-version":[{"id":13278,"href":"https:\/\/bildton.tv\/shop\/wp-json\/wp\/v2\/product\/12897\/revisions\/13278"}],"wp:featuredmedia":[{"embeddable":true,"href":"https:\/\/bildton.tv\/shop\/wp-json\/wp\/v2\/media\/13119"}],"wp:attachment":[{"href":"https:\/\/bildton.tv\/shop\/wp-json\/wp\/v2\/media?parent=12897"}],"wp:term":[{"taxonomy":"product_brand","embeddable":true,"href":"https:\/\/bildton.tv\/shop\/wp-json\/wp\/v2\/product_brand?post=12897"},{"taxonomy":"product_cat","embeddable":true,"href":"https:\/\/bildton.tv\/shop\/wp-json\/wp\/v2\/product_cat?post=12897"},{"taxonomy":"product_tag","embeddable":true,"href":"https:\/\/bildton.tv\/shop\/wp-json\/wp\/v2\/product_tag?post=12897"}],"curies":[{"name":"wp","href":"https:\/\/api.w.org\/{rel}","templated":true}]}}