{"id":12909,"date":"2024-03-19T11:51:11","date_gmt":"2024-03-19T10:51:11","guid":{"rendered":"https:\/\/bildton.tv\/shop\/?post_type=product&#038;p=12909"},"modified":"2024-07-16T16:48:03","modified_gmt":"2024-07-16T14:48:03","slug":"canon-cn7x17-17-120mm-kas-s","status":"publish","type":"product","link":"https:\/\/bildton.tv\/shop\/verkauf\/camera-more\/canon-cn7x17-17-120mm-kas-s\/","title":{"rendered":"Canon CN7x17 17-120mm KAS S"},"content":{"rendered":"<p>Das CN7x17 KAS S\u00a0 bietet eine beeindruckende 4K-Objektivaufl\u00f6sung und 7fach Vergr\u00f6\u00dferung bei einer Brennweite von 17-120 mm. Durch seinen Zoomgriff ist es ideal f\u00fcr alle Aufnahmesituationen, wo es auf Mobilit\u00e4t ankommt.<\/p>\n","protected":false},"excerpt":{"rendered":"<ul>\n<li>1x Canon CN7x17 17-120mm KAS S<\/li>\n<li>1x EF Mount, Montiert<\/li>\n<li>1x PL Mount<\/li>\n<li>1x Objektivst\u00fctze Zacuto<\/li>\n<li>2x 19mm Rods<\/li>\n<li>1x Zoom-Remote<\/li>\n<li>1x Case<\/li>\n<\/ul>\n","protected":false},"featured_media":13234,"template":"","meta":[],"product_brand":[],"product_cat":[1067],"product_tag":[1050,328,1049,966,326,891],"class_list":{"0":"post-12909","1":"product","2":"type-product","3":"status-publish","4":"has-post-thumbnail","6":"product_cat-camera-more","7":"product_tag-17-120mm","8":"product_tag-canon","9":"product_tag-cn7","10":"product_tag-ef","11":"product_tag-ef-mount","12":"product_tag-objektiv","14":"first","15":"instock","16":"sale","17":"taxable","18":"shipping-taxable","19":"purchasable","20":"product-type-simple"},"_links":{"self":[{"href":"https:\/\/bildton.tv\/shop\/wp-json\/wp\/v2\/product\/12909","targetHints":{"allow":["GET"]}}],"collection":[{"href":"https:\/\/bildton.tv\/shop\/wp-json\/wp\/v2\/product"}],"about":[{"href":"https:\/\/bildton.tv\/shop\/wp-json\/wp\/v2\/types\/product"}],"version-history":[{"count":1,"href":"https:\/\/bildton.tv\/shop\/wp-json\/wp\/v2\/product\/12909\/revisions"}],"predecessor-version":[{"id":13323,"href":"https:\/\/bildton.tv\/shop\/wp-json\/wp\/v2\/product\/12909\/revisions\/13323"}],"wp:featuredmedia":[{"embeddable":true,"href":"https:\/\/bildton.tv\/shop\/wp-json\/wp\/v2\/media\/13234"}],"wp:attachment":[{"href":"https:\/\/bildton.tv\/shop\/wp-json\/wp\/v2\/media?parent=12909"}],"wp:term":[{"taxonomy":"product_brand","embeddable":true,"href":"https:\/\/bildton.tv\/shop\/wp-json\/wp\/v2\/product_brand?post=12909"},{"taxonomy":"product_cat","embeddable":true,"href":"https:\/\/bildton.tv\/shop\/wp-json\/wp\/v2\/product_cat?post=12909"},{"taxonomy":"product_tag","embeddable":true,"href":"https:\/\/bildton.tv\/shop\/wp-json\/wp\/v2\/product_tag?post=12909"}],"curies":[{"name":"wp","href":"https:\/\/api.w.org\/{rel}","templated":true}]}}