{"id":13191,"date":"2024-04-16T10:06:32","date_gmt":"2024-04-16T08:06:32","guid":{"rendered":"https:\/\/bildton.tv\/shop\/?post_type=product&#038;p=13191"},"modified":"2024-12-13T16:50:24","modified_gmt":"2024-12-13T15:50:24","slug":"panasonic-av-hs410e-hd-sd-mischer","status":"publish","type":"product","link":"https:\/\/bildton.tv\/shop\/verkauf\/camera-more\/panasonic-av-hs410e-hd-sd-mischer\/","title":{"rendered":"Panasonic AV HS410E HD \/ SD Mischer"},"content":{"rendered":"<h3>PANASONIC AV HS410E HD \/ SD MISCHER<\/h3>\n<h4>EIGENSCHAFTEN:<\/h4>\n<ul>\n<li>Der HD\/SD-umschaltbare 1ME-Mischer bietet umfangreiche Ein- und Ausg\u00e4nge, Effekte und Erweiterungsm\u00f6glichkeiten im kompakten 19-Typ 1\/2-Rack-Format. Er bietet vielseitige Effekte, darunter \u00dcberg\u00e4nge mit digitalen Videoeffekten und Primatte\u00ae-Chromakeying. Neuer Videospeicher, Speichervorschau, verbesserte MultiViewer-Funktionen und eine Schaltfl\u00e4chenanordnung, die das Arbeiten bei Live-\u00dcbertragungen erheblich erleichtert.<\/li>\n<li>Leistung und Funktionen auf High-End-Niveau<br \/>\nErweiterbarer 1ME-Mischer mit optimierter Benutzeroberfl\u00e4che<br \/>\nHD\/SD-Multiformat mit 9 Eing\u00e4ngen als Standard und maximal 13 verf\u00fcgbaren Eing\u00e4ngen<br \/>\nNeue Speicherfunktionen und attraktive, hochwertige Effekte<\/li>\n<li>Der AV-HS410 ist ein HD \/ SD umschaltbarer 1ME-Mischer, der mit seiner gro\u00dfen Auswahl an Ein- und Ausg\u00e4ngen, der vielen attraktiven Effekte und der Systemerweiterbarkeit mit vielen High-End-Mischern konkurrieren kann. In der Standardausstattung hat er 9 Eing\u00e4nge und kann bei Installation von Erweiterungsboards auch auf eine maximale Kapazit\u00e4t von 13 Eing\u00e4ngen erweitert werden. Der Mischer bietet vielseitige Effekte, zum Beispiel \u00dcberg\u00e4nge mit digitalen Videoeffekten und Primatte\u00ae-Chromakeying-Anwendungen. Der LCD-Farbmonitor mit 178 mm (7 Zoll) erleichtert die Bedienung durch den \u00fcbersichtlichen Einstellungsbildschirm, eine Speicher-Vorschau, verbesserte MultiViewer-Funktionen und eine Schaltfl\u00e4chenanordnung, die das Arbeiten bei Live-\u00dcbertragungen erheblich erleichtert.<\/li>\n<\/ul>\n<h4>EING\u00c4NGE:<\/h4>\n<ul>\n<li>8x HD-SDI (Input 5 bis 8 mit Up-Converter)<\/li>\n<li>1x DVI-D<\/li>\n<\/ul>\n<h4>AUSG\u00c4NGE:<\/h4>\n<ul>\n<li>5x HD-SDI\u00a0 (Belegbar PGM, PVW, AUX1 bis AUX4,Multiview, CLN, KEYOUT und MEM PVW<\/li>\n<li>1x DVI-D<\/li>\n<li>2x TALLY \/ GPI<\/li>\n<li>2x REF<\/li>\n<\/ul>\n","protected":false},"excerpt":{"rendered":"<p>PANASONIC AV HS410E HD \/ SD MISCHER EIGENSCHAFTEN: Der HD\/SD-umschaltbare 1ME-Mischer bietet umfangreiche Ein- und Ausg\u00e4nge, Effekte und Erweiterungsm\u00f6glichkeiten im<\/p>\n","protected":false},"featured_media":13193,"template":"","meta":[],"product_brand":[],"product_cat":[1067],"product_tag":[1059,291],"class_list":{"0":"post-13191","1":"product","2":"type-product","3":"status-publish","4":"has-post-thumbnail","6":"product_cat-camera-more","7":"product_tag-bildmischer","8":"product_tag-panasonic","10":"first","11":"instock","12":"taxable","13":"shipping-taxable","14":"purchasable","15":"product-type-simple"},"_links":{"self":[{"href":"https:\/\/bildton.tv\/shop\/wp-json\/wp\/v2\/product\/13191","targetHints":{"allow":["GET"]}}],"collection":[{"href":"https:\/\/bildton.tv\/shop\/wp-json\/wp\/v2\/product"}],"about":[{"href":"https:\/\/bildton.tv\/shop\/wp-json\/wp\/v2\/types\/product"}],"version-history":[{"count":1,"href":"https:\/\/bildton.tv\/shop\/wp-json\/wp\/v2\/product\/13191\/revisions"}],"predecessor-version":[{"id":13321,"href":"https:\/\/bildton.tv\/shop\/wp-json\/wp\/v2\/product\/13191\/revisions\/13321"}],"wp:featuredmedia":[{"embeddable":true,"href":"https:\/\/bildton.tv\/shop\/wp-json\/wp\/v2\/media\/13193"}],"wp:attachment":[{"href":"https:\/\/bildton.tv\/shop\/wp-json\/wp\/v2\/media?parent=13191"}],"wp:term":[{"taxonomy":"product_brand","embeddable":true,"href":"https:\/\/bildton.tv\/shop\/wp-json\/wp\/v2\/product_brand?post=13191"},{"taxonomy":"product_cat","embeddable":true,"href":"https:\/\/bildton.tv\/shop\/wp-json\/wp\/v2\/product_cat?post=13191"},{"taxonomy":"product_tag","embeddable":true,"href":"https:\/\/bildton.tv\/shop\/wp-json\/wp\/v2\/product_tag?post=13191"}],"curies":[{"name":"wp","href":"https:\/\/api.w.org\/{rel}","templated":true}]}}