{"id":13428,"date":"2024-07-10T13:17:19","date_gmt":"2024-07-10T11:17:19","guid":{"rendered":"https:\/\/bildton.tv\/shop\/?post_type=product&#038;p=13428"},"modified":"2024-07-10T14:51:12","modified_gmt":"2024-07-10T12:51:12","slug":"zoom-f8-multi-track-field-recorder","status":"publish","type":"product","link":"https:\/\/bildton.tv\/shop\/verkauf\/audio\/zoom-f8-multi-track-field-recorder\/","title":{"rendered":"Zoom F8 Multi Track Field Recorder"},"content":{"rendered":"<p>Das F8 ist f\u00fcr ernsthafte Filmemacher und Sounddesigner gemacht. Mit 8-Eingangs-\/10-Spur-Aufnahme, extrem rauscharmen Vorverst\u00e4rkern und Unterst\u00fctzung f\u00fcr 24-Bit\/192 kHz-Audio nimmt das F8 Audio in h\u00f6chster Qualit\u00e4t auf.<\/p>\n<p>&nbsp;<\/p>\n<ul>\n<li>32-Bit-Float-Aufnahmetechnologie<\/li>\n<li>8-Kanal\/10-Spur-Field-Audiorecorder\/-mixer<\/li>\n<li>Aufnahme im BWF-kompatiblen WAV-Format mit bis zu 192 kHz\/32-Bit-Float<\/li>\n<li>8 diskrete Eing\u00e4nge mit verriegelbaren Neutrik XLR\/TRS-Kombi-Anschl\u00fcssen<\/li>\n<li>Hochwertige Mikrofonvorverst\u00e4rker mit bis zu 75 dB Verst\u00e4rkung und weniger als -127 dBu EIN<\/li>\n<li>Umschaltbare +4 dB-Eing\u00e4nge mit Mikrofon-\/Line-Optionen f\u00fcr XLR und TRS<\/li>\n<li>Pr\u00e4ziser Timecode (0,2 ppm im eingeschalteten Zustand und bis zu 0,2 ppm im ausgeschalteten Zustand) I\/O auf Standard-BNC-Anschl\u00fcssen; Dropframe\/Non-Drop-Formate<\/li>\n<li>Hochpassfilter, Phasenumkehrer und Mid-Side-Decoder<\/li>\n<li>Zwei symmetrische Mini-XLR-Hauptausg\u00e4nge (TA3) plus \u215b&#8220;-Stereo-Minibuchsen-Sub-Ausgang<\/li>\n<li>Eigener Kopfh\u00f6rerausgang (100 mW) mit Lautst\u00e4rkeregler auf der Vorderseite<\/li>\n<li>2,4&#8243;-Vollfarb-LCD mit Hintergrundbeleuchtung und Monochrom-Modus<\/li>\n<li>Zwei SD\/SDHC\/SDXC-Kartensteckpl\u00e4tze, jeweils bis zu 1 TB<\/li>\n<li>Verwendung als USB-Audioschnittstelle mit 8 Eing\u00e4ngen\/4 Ausg\u00e4ngen<\/li>\n<\/ul>\n","protected":false},"excerpt":{"rendered":"<p>Das F8 ist f\u00fcr ernsthafte Filmemacher und Sounddesigner gemacht. Mit 8-Eingangs-\/10-Spur-Aufnahme, extrem rauscharmen Vorverst\u00e4rkern und Unterst\u00fctzung f\u00fcr 24-Bit\/192 kHz-Audio nimmt<\/p>\n","protected":false},"featured_media":13429,"template":"","meta":[],"product_brand":[],"product_cat":[1069],"product_tag":[1082,560,561],"class_list":{"0":"post-13428","1":"product","2":"type-product","3":"status-publish","4":"has-post-thumbnail","6":"product_cat-audio","7":"product_tag-8-spur-recorder","8":"product_tag-audio-recorder","9":"product_tag-zoom-recorder","11":"first","12":"outofstock","13":"taxable","14":"shipping-taxable","15":"purchasable","16":"product-type-simple"},"_links":{"self":[{"href":"https:\/\/bildton.tv\/shop\/wp-json\/wp\/v2\/product\/13428","targetHints":{"allow":["GET"]}}],"collection":[{"href":"https:\/\/bildton.tv\/shop\/wp-json\/wp\/v2\/product"}],"about":[{"href":"https:\/\/bildton.tv\/shop\/wp-json\/wp\/v2\/types\/product"}],"version-history":[{"count":1,"href":"https:\/\/bildton.tv\/shop\/wp-json\/wp\/v2\/product\/13428\/revisions"}],"predecessor-version":[{"id":13433,"href":"https:\/\/bildton.tv\/shop\/wp-json\/wp\/v2\/product\/13428\/revisions\/13433"}],"wp:featuredmedia":[{"embeddable":true,"href":"https:\/\/bildton.tv\/shop\/wp-json\/wp\/v2\/media\/13429"}],"wp:attachment":[{"href":"https:\/\/bildton.tv\/shop\/wp-json\/wp\/v2\/media?parent=13428"}],"wp:term":[{"taxonomy":"product_brand","embeddable":true,"href":"https:\/\/bildton.tv\/shop\/wp-json\/wp\/v2\/product_brand?post=13428"},{"taxonomy":"product_cat","embeddable":true,"href":"https:\/\/bildton.tv\/shop\/wp-json\/wp\/v2\/product_cat?post=13428"},{"taxonomy":"product_tag","embeddable":true,"href":"https:\/\/bildton.tv\/shop\/wp-json\/wp\/v2\/product_tag?post=13428"}],"curies":[{"name":"wp","href":"https:\/\/api.w.org\/{rel}","templated":true}]}}