{"id":13483,"date":"2024-07-17T12:28:46","date_gmt":"2024-07-17T10:28:46","guid":{"rendered":"https:\/\/bildton.tv\/shop\/?post_type=product&#038;p=13483"},"modified":"2025-03-10T17:06:52","modified_gmt":"2025-03-10T16:06:52","slug":"sachtler-video-18-dutch-head","status":"publish","type":"product","link":"https:\/\/bildton.tv\/shop\/verkauf\/camera-more\/sachtler-video-18-dutch-head\/","title":{"rendered":"Sachtler Video 18 Dutch Head"},"content":{"rendered":"<p><em>Warum nicht atemberaubende Szenen und au\u00dfergew\u00f6hnliche Einstellungen voll ausnutzen? Mit dem Video 18 Dutch von Sachtler ist genau das m\u00f6glich. Das Video 18 Dutch bietet Ihnen sieben Widerstandsstufen, selbst bei seitlicher Neigung, und kann auf den K\u00f6pfen DV 12, Video 18 oder Video 20 montiert werden. So fangen Sie die aufregendsten und elektrisierendsten Effekte ein. Zu den weiteren Funktionen geh\u00f6rt eine Kreuzschiebeplatte mit einem Gleitbereich von 60 mm (2,4 Zoll) f\u00fcr eine pr\u00e4zise Kamerasteuerung, sodass der Schwerpunkt der Kamera genau \u00fcber der Schwenkachse ausgerichtet werden kann. Der Kopf kann den Horizont neigen und verf\u00fcgt auf der rechten Seite \u00fcber eine Skala, die den genauen Grad der Bewegung auf der dritten Achse anzeigt.<\/em><\/p>\n","protected":false},"excerpt":{"rendered":"<p>Warum nicht atemberaubende Szenen und au\u00dfergew\u00f6hnliche Einstellungen voll ausnutzen? Mit dem Video 18 Dutch von Sachtler ist genau das m\u00f6glich.<\/p>\n","protected":false},"featured_media":13487,"template":"","meta":[],"product_brand":[],"product_cat":[1067],"product_tag":[515,138,1104,1105,509,1106,511],"class_list":{"0":"post-13483","1":"product","2":"type-product","3":"status-publish","4":"has-post-thumbnail","6":"product_cat-camera-more","7":"product_tag-dutch-head","8":"product_tag-sachtler","9":"product_tag-stativ-kopf","10":"product_tag-video-18","11":"product_tag-video-18p","12":"product_tag-video-20","13":"product_tag-video-20p","15":"first","16":"instock","17":"sale","18":"taxable","19":"shipping-taxable","20":"purchasable","21":"product-type-simple"},"_links":{"self":[{"href":"https:\/\/bildton.tv\/shop\/wp-json\/wp\/v2\/product\/13483","targetHints":{"allow":["GET"]}}],"collection":[{"href":"https:\/\/bildton.tv\/shop\/wp-json\/wp\/v2\/product"}],"about":[{"href":"https:\/\/bildton.tv\/shop\/wp-json\/wp\/v2\/types\/product"}],"version-history":[{"count":1,"href":"https:\/\/bildton.tv\/shop\/wp-json\/wp\/v2\/product\/13483\/revisions"}],"predecessor-version":[{"id":13488,"href":"https:\/\/bildton.tv\/shop\/wp-json\/wp\/v2\/product\/13483\/revisions\/13488"}],"wp:featuredmedia":[{"embeddable":true,"href":"https:\/\/bildton.tv\/shop\/wp-json\/wp\/v2\/media\/13487"}],"wp:attachment":[{"href":"https:\/\/bildton.tv\/shop\/wp-json\/wp\/v2\/media?parent=13483"}],"wp:term":[{"taxonomy":"product_brand","embeddable":true,"href":"https:\/\/bildton.tv\/shop\/wp-json\/wp\/v2\/product_brand?post=13483"},{"taxonomy":"product_cat","embeddable":true,"href":"https:\/\/bildton.tv\/shop\/wp-json\/wp\/v2\/product_cat?post=13483"},{"taxonomy":"product_tag","embeddable":true,"href":"https:\/\/bildton.tv\/shop\/wp-json\/wp\/v2\/product_tag?post=13483"}],"curies":[{"name":"wp","href":"https:\/\/api.w.org\/{rel}","templated":true}]}}