{"id":13516,"date":"2024-09-13T12:28:42","date_gmt":"2024-09-13T10:28:42","guid":{"rendered":"https:\/\/bildton.tv\/shop\/?post_type=product&#038;p=13516"},"modified":"2024-09-13T12:29:15","modified_gmt":"2024-09-13T10:29:15","slug":"tvlogic-lvm-075a-ersatz-panel","status":"publish","type":"product","link":"https:\/\/bildton.tv\/shop\/verkauf\/neu-ware\/tvlogic-lvm-075a-ersatz-panel\/","title":{"rendered":"TVLogic LVM-075A Ersatz Panel"},"content":{"rendered":"","protected":false},"excerpt":{"rendered":"<p>Ersatz Panel f\u00fcr TVLogic LVM-075A Monitor.<\/p>\n<p>Gerne \u00fcbernehmen wir die Reparatur f\u00fcr Sie. Sie k\u00f6nnen uns jederzeit telefonisch oder per E-Mail kontaktieren.<\/p>\n<p>Unser Team steht Ihnen von Montag bis Freitag, zwischen 9:00 und 18:00 Uhr, telefonisch zur Verf\u00fcgung.<\/p>\n","protected":false},"featured_media":13524,"template":"","meta":[],"product_brand":[],"product_cat":[741],"product_tag":[1114,1117,1113,1115,1116,290,1112],"class_list":{"0":"post-13516","1":"product","2":"type-product","3":"status-publish","4":"has-post-thumbnail","6":"product_cat-neu-ware","7":"product_tag-075a","8":"product_tag-bildschirm","9":"product_tag-lvm","10":"product_tag-lvm-075a","11":"product_tag-panel","12":"product_tag-tv-logic","13":"product_tag-tvlogic","15":"first","16":"instock","17":"taxable","18":"shipping-taxable","19":"purchasable","20":"product-type-simple"},"_links":{"self":[{"href":"https:\/\/bildton.tv\/shop\/wp-json\/wp\/v2\/product\/13516","targetHints":{"allow":["GET"]}}],"collection":[{"href":"https:\/\/bildton.tv\/shop\/wp-json\/wp\/v2\/product"}],"about":[{"href":"https:\/\/bildton.tv\/shop\/wp-json\/wp\/v2\/types\/product"}],"version-history":[{"count":1,"href":"https:\/\/bildton.tv\/shop\/wp-json\/wp\/v2\/product\/13516\/revisions"}],"predecessor-version":[{"id":13517,"href":"https:\/\/bildton.tv\/shop\/wp-json\/wp\/v2\/product\/13516\/revisions\/13517"}],"wp:featuredmedia":[{"embeddable":true,"href":"https:\/\/bildton.tv\/shop\/wp-json\/wp\/v2\/media\/13524"}],"wp:attachment":[{"href":"https:\/\/bildton.tv\/shop\/wp-json\/wp\/v2\/media?parent=13516"}],"wp:term":[{"taxonomy":"product_brand","embeddable":true,"href":"https:\/\/bildton.tv\/shop\/wp-json\/wp\/v2\/product_brand?post=13516"},{"taxonomy":"product_cat","embeddable":true,"href":"https:\/\/bildton.tv\/shop\/wp-json\/wp\/v2\/product_cat?post=13516"},{"taxonomy":"product_tag","embeddable":true,"href":"https:\/\/bildton.tv\/shop\/wp-json\/wp\/v2\/product_tag?post=13516"}],"curies":[{"name":"wp","href":"https:\/\/api.w.org\/{rel}","templated":true}]}}