{"id":13518,"date":"2024-09-13T12:27:30","date_gmt":"2024-09-13T10:27:30","guid":{"rendered":"https:\/\/bildton.tv\/shop\/?post_type=product&#038;p=13518"},"modified":"2024-09-13T12:27:31","modified_gmt":"2024-09-13T10:27:31","slug":"tvlogic-lvm-074w-ersatz-panel","status":"publish","type":"product","link":"https:\/\/bildton.tv\/shop\/verkauf\/neu-ware\/tvlogic-lvm-074w-ersatz-panel\/","title":{"rendered":"TVLogic LVM-074W Ersatz Panel"},"content":{"rendered":"","protected":false},"excerpt":{"rendered":"<p>Ersatz Panel f\u00fcr TVLogic LVM-074W Monitor.<\/p>\n<p>Gerne \u00fcbernehmen wir die Reparatur f\u00fcr Sie. Sie k\u00f6nnen uns jederzeit telefonisch oder per E-Mail kontaktieren.<\/p>\n<p>Unser Team steht Ihnen von Montag bis Freitag, zwischen 9:00 und 18:00 Uhr, telefonisch zur Verf\u00fcgung.<\/p>\n","protected":false},"featured_media":13524,"template":"","meta":[],"product_brand":[],"product_cat":[741],"product_tag":[1117,1118,290,1112],"class_list":{"0":"post-13518","1":"product","2":"type-product","3":"status-publish","4":"has-post-thumbnail","6":"product_cat-neu-ware","7":"product_tag-bildschirm","8":"product_tag-lvm-074w","9":"product_tag-tv-logic","10":"product_tag-tvlogic","12":"first","13":"instock","14":"taxable","15":"shipping-taxable","16":"purchasable","17":"product-type-simple"},"_links":{"self":[{"href":"https:\/\/bildton.tv\/shop\/wp-json\/wp\/v2\/product\/13518","targetHints":{"allow":["GET"]}}],"collection":[{"href":"https:\/\/bildton.tv\/shop\/wp-json\/wp\/v2\/product"}],"about":[{"href":"https:\/\/bildton.tv\/shop\/wp-json\/wp\/v2\/types\/product"}],"version-history":[{"count":2,"href":"https:\/\/bildton.tv\/shop\/wp-json\/wp\/v2\/product\/13518\/revisions"}],"predecessor-version":[{"id":13520,"href":"https:\/\/bildton.tv\/shop\/wp-json\/wp\/v2\/product\/13518\/revisions\/13520"}],"wp:featuredmedia":[{"embeddable":true,"href":"https:\/\/bildton.tv\/shop\/wp-json\/wp\/v2\/media\/13524"}],"wp:attachment":[{"href":"https:\/\/bildton.tv\/shop\/wp-json\/wp\/v2\/media?parent=13518"}],"wp:term":[{"taxonomy":"product_brand","embeddable":true,"href":"https:\/\/bildton.tv\/shop\/wp-json\/wp\/v2\/product_brand?post=13518"},{"taxonomy":"product_cat","embeddable":true,"href":"https:\/\/bildton.tv\/shop\/wp-json\/wp\/v2\/product_cat?post=13518"},{"taxonomy":"product_tag","embeddable":true,"href":"https:\/\/bildton.tv\/shop\/wp-json\/wp\/v2\/product_tag?post=13518"}],"curies":[{"name":"wp","href":"https:\/\/api.w.org\/{rel}","templated":true}]}}