{"id":13629,"date":"2025-01-21T13:59:01","date_gmt":"2025-01-21T12:59:01","guid":{"rendered":"https:\/\/bildton.tv\/shop\/?post_type=product&#038;p=13629"},"modified":"2025-11-24T11:34:15","modified_gmt":"2025-11-24T10:34:15","slug":"sachtler-vinten-pedastal-accessories-3329-43-raedersatz-3er-set","status":"publish","type":"product","link":"https:\/\/bildton.tv\/shop\/verkauf\/lighting-support\/sachtler-vinten-pedastal-accessories-3329-43-raedersatz-3er-set\/","title":{"rendered":"Sachtler Vinten Pedastal Accessories 3329-43 R\u00e4dersatz (3er-set)"},"content":{"rendered":"","protected":false},"excerpt":{"rendered":"<p>R\u00e4dersatz passend f\u00fcr<\/p>\n<p>Vinten Ospray Plus und Elite S<\/p>\n<p>Sachtler Vario Ped 1-70 und 2-80<\/p>\n<p>125mm \u00d8<\/p>\n","protected":false},"featured_media":13637,"template":"","meta":[],"product_brand":[],"product_cat":[1068],"product_tag":[1131,1125,1124,1129,138,1126,1127,1128,1123,1130,1132],"class_list":{"0":"post-13629","1":"product","2":"type-product","3":"status-publish","4":"has-post-thumbnail","6":"product_cat-lighting-support","7":"product_tag-3329-40","8":"product_tag-elite-s","9":"product_tag-ospray-plus","10":"product_tag-raedersatz","11":"product_tag-sachtler","12":"product_tag-vario-ped","13":"product_tag-vario-ped-1-70","14":"product_tag-vario-ped-2-80","15":"product_tag-vinten","16":"product_tag-wheel","17":"product_tag-wheel-unit-assembly","19":"first","20":"instock","21":"sale","22":"taxable","23":"shipping-taxable","24":"purchasable","25":"product-type-simple"},"_links":{"self":[{"href":"https:\/\/bildton.tv\/shop\/wp-json\/wp\/v2\/product\/13629","targetHints":{"allow":["GET"]}}],"collection":[{"href":"https:\/\/bildton.tv\/shop\/wp-json\/wp\/v2\/product"}],"about":[{"href":"https:\/\/bildton.tv\/shop\/wp-json\/wp\/v2\/types\/product"}],"version-history":[{"count":2,"href":"https:\/\/bildton.tv\/shop\/wp-json\/wp\/v2\/product\/13629\/revisions"}],"predecessor-version":[{"id":13901,"href":"https:\/\/bildton.tv\/shop\/wp-json\/wp\/v2\/product\/13629\/revisions\/13901"}],"wp:featuredmedia":[{"embeddable":true,"href":"https:\/\/bildton.tv\/shop\/wp-json\/wp\/v2\/media\/13637"}],"wp:attachment":[{"href":"https:\/\/bildton.tv\/shop\/wp-json\/wp\/v2\/media?parent=13629"}],"wp:term":[{"taxonomy":"product_brand","embeddable":true,"href":"https:\/\/bildton.tv\/shop\/wp-json\/wp\/v2\/product_brand?post=13629"},{"taxonomy":"product_cat","embeddable":true,"href":"https:\/\/bildton.tv\/shop\/wp-json\/wp\/v2\/product_cat?post=13629"},{"taxonomy":"product_tag","embeddable":true,"href":"https:\/\/bildton.tv\/shop\/wp-json\/wp\/v2\/product_tag?post=13629"}],"curies":[{"name":"wp","href":"https:\/\/api.w.org\/{rel}","templated":true}]}}