{"id":13640,"date":"2025-01-23T09:24:37","date_gmt":"2025-01-23T08:24:37","guid":{"rendered":"https:\/\/bildton.tv\/shop\/?post_type=product&#038;p=13640"},"modified":"2025-08-07T11:43:34","modified_gmt":"2025-08-07T09:43:34","slug":"goemb-cineball-edition-no-one-limited-edition","status":"publish","type":"product","link":"https:\/\/bildton.tv\/shop\/verkauf\/neu-ware\/goemb-cineball-edition-no-one-limited-edition\/","title":{"rendered":"Goemb &#8211; Cineball (Edition No.One) Limited Edition"},"content":{"rendered":"<p>Die perfekte Verbindung von Handwerkskunst und moderner Technologie der Cineball von Goemp. Dieser Kameragriff, gefertigt aus hochwertiger Rotbuche, wird Ihre Kamera- und Zubeh\u00f6rausr\u00fcstung auf ein neues Level heben. Ganz nach dem Motto: Keep it Simple<\/p>\n<h4>Produktmerkmale:<\/h4>\n<ul>\n<li><strong>Material:<\/strong>\u00a0Hergestellt aus langlebiger und \u00e4sthetisch ansprechender Rotbuche.<\/li>\n<li><strong>Pr\u00e4zisionsfertigung:<\/strong>\u00a0Gefr\u00e4st mit einer hochmodernen CNC-Fr\u00e4se f\u00fcr absolute Pr\u00e4zision und Passgenauigkeit.<\/li>\n<li><strong>Veredelung:<\/strong>\u00a0Veredelt mit einer Kombination aus Wachs und Lein\u00f6l, die dem Griff eine samtige Oberfl\u00e4che und zus\u00e4tzlichen Schutz verleiht.<\/li>\n<li><strong>Ma\u00dfe:<\/strong>\u00a0Der Griff hat einen Durchmesser von 60 mm, was eine optimale Ergonomie und Handhabung bietet.<\/li>\n<li><strong>Anschluss:<\/strong>\u00a0Ausgestattet mit einer Standard Arri Rosette in elegantem Schwarz, erm\u00f6glicht der cineball eine vielseitige und stabile Befestigung.<\/li>\n<li><strong>Befestigung:<\/strong>\u00a0Eine M6 Fl\u00fcgelschraube sorgt f\u00fcr eine sichere und einfache Montage an allen Kamerasystemen oder Zubeh\u00f6rteilen, die mit einer Arri Rosette kompatibel sind.<\/li>\n<li><strong>Vielseitige Nutzung:<\/strong>\u00a0Der cineball ist nicht nur ein Kameragriff \u2013 er eignet sich auch hervorragend f\u00fcr die Befestigung von anderem Zubeh\u00f6r wie Funksch\u00e4rfen oder Monitoren.<\/li>\n<\/ul>\n<p>Der Goemp cineball steht f\u00fcr Qualit\u00e4t und Flexibilit\u00e4t. Egal, ob Sie ein professioneller Filmemacher oder ein begeisterter Hobbyfotograf sind, dieser Griff wird Ihre Ausr\u00fcstung bereichern und Ihre Arbeit erleichtern. Hergestellt in Bayern, vereint der cineball traditionelle Handwerkskunst mit modernster Technik und bietet Ihnen ein Produkt, das sowohl funktional als auch \u00e4sthetisch ansprechend ist.<\/p>\n","protected":false},"excerpt":{"rendered":"<ul>\n<li><strong>Material:<\/strong>\u00a0Hergestellt aus langlebiger und \u00e4sthetisch ansprechender Rotbuche.<\/li>\n<li><strong>Pr\u00e4zisionsfertigung:<\/strong>\u00a0Gefr\u00e4st mit einer hochmodernen CNC-Fr\u00e4se f\u00fcr absolute Pr\u00e4zision und Passgenauigkeit.<\/li>\n<li><strong>Veredelung:<\/strong>\u00a0Veredelt mit einer Kombination aus Wachs und Lein\u00f6l, die dem Griff eine samtige Oberfl\u00e4che und zus\u00e4tzlichen Schutz verleiht.<\/li>\n<li><strong>Ma\u00dfe:<\/strong>\u00a0Der Griff hat einen Durchmesser von 60 mm, was eine optimale Ergonomie und Handhabung bietet.<\/li>\n<li><strong>Anschluss:<\/strong>\u00a0Ausgestattet mit einer Standard Arri Rosette in elegantem Schwarz, erm\u00f6glicht der cineball eine vielseitige und stabile Befestigung.<\/li>\n<li><strong>Befestigung:<\/strong>\u00a0Eine M6 Fl\u00fcgelschraube sorgt f\u00fcr eine sichere und einfache Montage an allen Kamerasystemen oder Zubeh\u00f6rteilen, die mit einer Arri Rosette kompatibel sind.<\/li>\n<li><strong>Vielseitige Nutzung:<\/strong>\u00a0Der cineball ist nicht nur ein Kameragriff \u2013 er eignet sich auch hervorragend f\u00fcr die Befestigung von anderem Zubeh\u00f6r wie Funksch\u00e4rfen oder Monitoren.<\/li>\n<\/ul>\n","protected":false},"featured_media":13641,"template":"","meta":[],"product_brand":[],"product_cat":[741],"product_tag":[],"class_list":{"0":"post-13640","1":"product","2":"type-product","3":"status-publish","4":"has-post-thumbnail","6":"product_cat-neu-ware","8":"first","9":"instock","10":"taxable","11":"shipping-taxable","12":"purchasable","13":"product-type-simple"},"_links":{"self":[{"href":"https:\/\/bildton.tv\/shop\/wp-json\/wp\/v2\/product\/13640","targetHints":{"allow":["GET"]}}],"collection":[{"href":"https:\/\/bildton.tv\/shop\/wp-json\/wp\/v2\/product"}],"about":[{"href":"https:\/\/bildton.tv\/shop\/wp-json\/wp\/v2\/types\/product"}],"version-history":[{"count":1,"href":"https:\/\/bildton.tv\/shop\/wp-json\/wp\/v2\/product\/13640\/revisions"}],"predecessor-version":[{"id":13647,"href":"https:\/\/bildton.tv\/shop\/wp-json\/wp\/v2\/product\/13640\/revisions\/13647"}],"wp:featuredmedia":[{"embeddable":true,"href":"https:\/\/bildton.tv\/shop\/wp-json\/wp\/v2\/media\/13641"}],"wp:attachment":[{"href":"https:\/\/bildton.tv\/shop\/wp-json\/wp\/v2\/media?parent=13640"}],"wp:term":[{"taxonomy":"product_brand","embeddable":true,"href":"https:\/\/bildton.tv\/shop\/wp-json\/wp\/v2\/product_brand?post=13640"},{"taxonomy":"product_cat","embeddable":true,"href":"https:\/\/bildton.tv\/shop\/wp-json\/wp\/v2\/product_cat?post=13640"},{"taxonomy":"product_tag","embeddable":true,"href":"https:\/\/bildton.tv\/shop\/wp-json\/wp\/v2\/product_tag?post=13640"}],"curies":[{"name":"wp","href":"https:\/\/api.w.org\/{rel}","templated":true}]}}