{"id":13729,"date":"2025-05-13T13:23:37","date_gmt":"2025-05-13T11:23:37","guid":{"rendered":"https:\/\/bildton.tv\/shop\/?post_type=product&#038;p=13729"},"modified":"2026-02-04T17:44:24","modified_gmt":"2026-02-04T16:44:24","slug":"dedolight-4x-100watt-mit-viel-zubehoer","status":"publish","type":"product","link":"https:\/\/bildton.tv\/shop\/verkauf\/lighting-support\/dedolight-4x-100watt-mit-viel-zubehoer\/","title":{"rendered":"DEDOLIGHT 4x 100WATT mit Viel Zubeh\u00f6r"},"content":{"rendered":"<ul>\n<li class=\"\" data-start=\"110\" data-end=\"290\">\n<p class=\"\" data-start=\"112\" data-end=\"128\"><strong data-start=\"112\" data-end=\"128\">Dedo Lampen:<\/strong><\/p>\n<ul data-start=\"131\" data-end=\"290\">\n<li class=\"\" data-start=\"131\" data-end=\"199\">\n<p class=\"\" data-start=\"133\" data-end=\"199\">4\u00d7 Dedo Lampe (bei einer ist der B\u00fcgel zum Tor-Halten abgebrochen)<\/p>\n<\/li>\n<li class=\"\" data-start=\"202\" data-end=\"245\">\n<p class=\"\" data-start=\"204\" data-end=\"245\">5\u00d7 Dedo Lampenkabel mit 4\u00d7 Verl\u00e4ngerungen<\/p>\n<\/li>\n<li class=\"\" data-start=\"248\" data-end=\"290\">\n<p class=\"\" data-start=\"250\" data-end=\"290\">1\u00d7 Dedo 4-Fach-Vorschalter mit Netzkabel<\/p>\n<\/li>\n<\/ul>\n<\/li>\n<li class=\"\" data-start=\"292\" data-end=\"401\">\n<p class=\"\" data-start=\"294\" data-end=\"317\"><strong data-start=\"294\" data-end=\"317\">Adapter &amp; Schalter:<\/strong><\/p>\n<ul data-start=\"320\" data-end=\"401\">\n<li class=\"\" data-start=\"320\" data-end=\"353\">\n<p class=\"\" data-start=\"322\" data-end=\"353\">3\u00d7 Zigarettenanz\u00fcnder-Adapter<\/p>\n<\/li>\n<li class=\"\" data-start=\"356\" data-end=\"381\">\n<p class=\"\" data-start=\"358\" data-end=\"381\">2\u00d7 Kabel mit Schalter<\/p>\n<\/li>\n<li class=\"\" data-start=\"384\" data-end=\"401\">\n<p class=\"\" data-start=\"386\" data-end=\"401\">3\u00d7 Schnurdimmer<\/p>\n<\/li>\n<\/ul>\n<\/li>\n<li class=\"\" data-start=\"403\" data-end=\"564\">\n<p class=\"\" data-start=\"405\" data-end=\"417\"><strong data-start=\"405\" data-end=\"417\">Zubeh\u00f6r:<\/strong><\/p>\n<ul data-start=\"420\" data-end=\"564\">\n<li class=\"\" data-start=\"420\" data-end=\"462\">\n<p class=\"\" data-start=\"422\" data-end=\"462\">3\u00d7 Tore (eins mit nur drei Torfl\u00fcgeln)<\/p>\n<\/li>\n<li class=\"\" data-start=\"465\" data-end=\"484\">\n<p class=\"\" data-start=\"467\" data-end=\"484\">2\u00d7 Filterhalter<\/p>\n<\/li>\n<li class=\"\" data-start=\"487\" data-end=\"508\">\n<p class=\"\" data-start=\"489\" data-end=\"508\">1\u00d7 Mounting Plate<\/p>\n<\/li>\n<li class=\"\" data-start=\"511\" data-end=\"529\">\n<p class=\"\" data-start=\"513\" data-end=\"529\">1\u00d7 Lichtklemme<\/p>\n<\/li>\n<li class=\"\" data-start=\"532\" data-end=\"550\">\n<p class=\"\" data-start=\"534\" data-end=\"550\">3\u00d7 Alu-Stative<\/p>\n<\/li>\n<li class=\"\" data-start=\"553\" data-end=\"564\">\n<p class=\"\" data-start=\"555\" data-end=\"564\">1\u00d7 Koffer<\/p>\n<\/li>\n<\/ul>\n<\/li>\n<\/ul>\n","protected":false},"excerpt":{"rendered":"<p>Dedo Lampen: 4\u00d7 Dedo Lampe (bei einer ist der B\u00fcgel zum Tor-Halten abgebrochen) 5\u00d7 Dedo Lampenkabel mit 4\u00d7 Verl\u00e4ngerungen 1\u00d7<\/p>\n","protected":false},"featured_media":13737,"template":"","meta":[],"product_brand":[],"product_cat":[1068],"product_tag":[],"class_list":{"0":"post-13729","1":"product","2":"type-product","3":"status-publish","4":"has-post-thumbnail","6":"product_cat-lighting-support","8":"first","9":"instock","10":"sale","11":"taxable","12":"shipping-taxable","13":"purchasable","14":"product-type-simple"},"_links":{"self":[{"href":"https:\/\/bildton.tv\/shop\/wp-json\/wp\/v2\/product\/13729","targetHints":{"allow":["GET"]}}],"collection":[{"href":"https:\/\/bildton.tv\/shop\/wp-json\/wp\/v2\/product"}],"about":[{"href":"https:\/\/bildton.tv\/shop\/wp-json\/wp\/v2\/types\/product"}],"version-history":[{"count":1,"href":"https:\/\/bildton.tv\/shop\/wp-json\/wp\/v2\/product\/13729\/revisions"}],"predecessor-version":[{"id":13742,"href":"https:\/\/bildton.tv\/shop\/wp-json\/wp\/v2\/product\/13729\/revisions\/13742"}],"wp:featuredmedia":[{"embeddable":true,"href":"https:\/\/bildton.tv\/shop\/wp-json\/wp\/v2\/media\/13737"}],"wp:attachment":[{"href":"https:\/\/bildton.tv\/shop\/wp-json\/wp\/v2\/media?parent=13729"}],"wp:term":[{"taxonomy":"product_brand","embeddable":true,"href":"https:\/\/bildton.tv\/shop\/wp-json\/wp\/v2\/product_brand?post=13729"},{"taxonomy":"product_cat","embeddable":true,"href":"https:\/\/bildton.tv\/shop\/wp-json\/wp\/v2\/product_cat?post=13729"},{"taxonomy":"product_tag","embeddable":true,"href":"https:\/\/bildton.tv\/shop\/wp-json\/wp\/v2\/product_tag?post=13729"}],"curies":[{"name":"wp","href":"https:\/\/api.w.org\/{rel}","templated":true}]}}