{"id":13747,"date":"2025-06-16T13:36:07","date_gmt":"2025-06-16T11:36:07","guid":{"rendered":"https:\/\/bildton.tv\/shop\/?post_type=product&#038;p=13747"},"modified":"2025-11-25T16:18:38","modified_gmt":"2025-11-25T15:18:38","slug":"sony-battery-charger-bc-m50-2-fach-v-mount-ladegeraet","status":"publish","type":"product","link":"https:\/\/bildton.tv\/shop\/verkauf\/camera-more\/sony-battery-charger-bc-m50-2-fach-v-mount-ladegeraet\/","title":{"rendered":"SONY Battery Charger BC-M50 2-Fach V-Mount Ladeger\u00e4t"},"content":{"rendered":"","protected":false},"excerpt":{"rendered":"<p>Das Ladeger\u00e4t l\u00e4dt sowohl <strong>Li-ion<\/strong> als auch Ni-MH Akkus<\/p>\n","protected":false},"featured_media":13748,"template":"","meta":[],"product_brand":[],"product_cat":[1067,1068],"product_tag":[1158,1157,1156,203],"class_list":{"0":"post-13747","1":"product","2":"type-product","3":"status-publish","4":"has-post-thumbnail","6":"product_cat-camera-more","7":"product_cat-lighting-support","8":"product_tag-ion-energy","9":"product_tag-sony-ladegeraet","10":"product_tag-v-mount-ladegeraet","11":"product_tag-v-mount-lader","13":"first","14":"outofstock","15":"sale","16":"taxable","17":"shipping-taxable","18":"purchasable","19":"product-type-simple"},"_links":{"self":[{"href":"https:\/\/bildton.tv\/shop\/wp-json\/wp\/v2\/product\/13747","targetHints":{"allow":["GET"]}}],"collection":[{"href":"https:\/\/bildton.tv\/shop\/wp-json\/wp\/v2\/product"}],"about":[{"href":"https:\/\/bildton.tv\/shop\/wp-json\/wp\/v2\/types\/product"}],"version-history":[{"count":1,"href":"https:\/\/bildton.tv\/shop\/wp-json\/wp\/v2\/product\/13747\/revisions"}],"predecessor-version":[{"id":13751,"href":"https:\/\/bildton.tv\/shop\/wp-json\/wp\/v2\/product\/13747\/revisions\/13751"}],"wp:featuredmedia":[{"embeddable":true,"href":"https:\/\/bildton.tv\/shop\/wp-json\/wp\/v2\/media\/13748"}],"wp:attachment":[{"href":"https:\/\/bildton.tv\/shop\/wp-json\/wp\/v2\/media?parent=13747"}],"wp:term":[{"taxonomy":"product_brand","embeddable":true,"href":"https:\/\/bildton.tv\/shop\/wp-json\/wp\/v2\/product_brand?post=13747"},{"taxonomy":"product_cat","embeddable":true,"href":"https:\/\/bildton.tv\/shop\/wp-json\/wp\/v2\/product_cat?post=13747"},{"taxonomy":"product_tag","embeddable":true,"href":"https:\/\/bildton.tv\/shop\/wp-json\/wp\/v2\/product_tag?post=13747"}],"curies":[{"name":"wp","href":"https:\/\/api.w.org\/{rel}","templated":true}]}}