{"id":13785,"date":"2025-07-04T11:56:05","date_gmt":"2025-07-04T09:56:05","guid":{"rendered":"https:\/\/bildton.tv\/shop\/?post_type=product&#038;p=13785"},"modified":"2025-08-07T11:25:04","modified_gmt":"2025-08-07T09:25:04","slug":"beyerdynamic-dt-290-mkii-80-ohm-geschlossenes-headset-mit-dynamischem-mikrofon","status":"publish","type":"product","link":"https:\/\/bildton.tv\/shop\/verkauf\/audio\/beyerdynamic-dt-290-mkii-80-ohm-geschlossenes-headset-mit-dynamischem-mikrofon\/","title":{"rendered":"Beyerdynamic DT 290 MKII 80 ohm Geschlossenes Headset mit dynamischem Mikrofon"},"content":{"rendered":"<h2 class=\"MuiBox-root mui-style-de40sv\"><span style=\"color: #1b1919; font-size: 12px;\">PRODUKTMERKMALE<\/span><\/h2>\n<div class=\"MuiBox-root mui-style-0\">\n<div class=\"MuiPaper-root MuiPaper-outlined MuiPaper-rounded MuiAccordion-root MuiAccordion-rounded Mui-expanded MuiAccordion-gutters mui-style-1erug6a\">\n<div class=\"MuiButtonBase-root MuiAccordionSummary-root Mui-expanded MuiAccordionSummary-gutters mui-style-rid4wb\" role=\"button\" aria-expanded=\"true\">\n<div class=\"MuiAccordionSummary-expandIconWrapper Mui-expanded mui-style-1fx8m19\"><\/div>\n<\/div>\n<div class=\"MuiCollapse-root MuiCollapse-vertical MuiCollapse-entered mui-style-c4sutr\">\n<div class=\"MuiCollapse-wrapper MuiCollapse-vertical mui-style-hboir5\">\n<div class=\"MuiCollapse-wrapperInner MuiCollapse-vertical mui-style-8atqhb\">\n<div class=\"MuiAccordion-region\" role=\"region\">\n<div class=\"MuiAccordionDetails-root mui-style-5a09ha\">\n<div class=\"MuiTypography-root MuiTypography-body1 mui-style-w8ikdx\">\n<ul>\n<li>Hochwertiges dynamisches Mikrofon mit Hypernierencharakteristik (Hohe R\u00fcckkopplungssicherheit)<\/li>\n<li>Flexibler, drehbarer Schwanenhals f\u00fcr optimale Positionierung<\/li>\n<li>Leistungsstarkes Neodym-Magnet-System f\u00fcr sehr gute Wiedergabepr\u00e4zision<\/li>\n<li>Made in Germany<\/li>\n<\/ul>\n<\/div>\n<\/div>\n<\/div>\n<\/div>\n<\/div>\n<\/div>\n<\/div>\n<\/div>\n","protected":false},"excerpt":{"rendered":"<p>PRODUKTMERKMALE Hochwertiges dynamisches Mikrofon mit Hypernierencharakteristik (Hohe R\u00fcckkopplungssicherheit) Flexibler, drehbarer Schwanenhals f\u00fcr optimale Positionierung Leistungsstarkes Neodym-Magnet-System f\u00fcr sehr gute Wiedergabepr\u00e4zision<\/p>\n","protected":false},"featured_media":13787,"template":"","meta":[],"product_brand":[],"product_cat":[1069],"product_tag":[1166,1109],"class_list":{"0":"post-13785","1":"product","2":"type-product","3":"status-publish","4":"has-post-thumbnail","6":"product_cat-audio","7":"product_tag-1166","8":"product_tag-headset","10":"first","11":"instock","12":"taxable","13":"shipping-taxable","14":"purchasable","15":"product-type-simple"},"_links":{"self":[{"href":"https:\/\/bildton.tv\/shop\/wp-json\/wp\/v2\/product\/13785","targetHints":{"allow":["GET"]}}],"collection":[{"href":"https:\/\/bildton.tv\/shop\/wp-json\/wp\/v2\/product"}],"about":[{"href":"https:\/\/bildton.tv\/shop\/wp-json\/wp\/v2\/types\/product"}],"version-history":[{"count":2,"href":"https:\/\/bildton.tv\/shop\/wp-json\/wp\/v2\/product\/13785\/revisions"}],"predecessor-version":[{"id":13855,"href":"https:\/\/bildton.tv\/shop\/wp-json\/wp\/v2\/product\/13785\/revisions\/13855"}],"wp:featuredmedia":[{"embeddable":true,"href":"https:\/\/bildton.tv\/shop\/wp-json\/wp\/v2\/media\/13787"}],"wp:attachment":[{"href":"https:\/\/bildton.tv\/shop\/wp-json\/wp\/v2\/media?parent=13785"}],"wp:term":[{"taxonomy":"product_brand","embeddable":true,"href":"https:\/\/bildton.tv\/shop\/wp-json\/wp\/v2\/product_brand?post=13785"},{"taxonomy":"product_cat","embeddable":true,"href":"https:\/\/bildton.tv\/shop\/wp-json\/wp\/v2\/product_cat?post=13785"},{"taxonomy":"product_tag","embeddable":true,"href":"https:\/\/bildton.tv\/shop\/wp-json\/wp\/v2\/product_tag?post=13785"}],"curies":[{"name":"wp","href":"https:\/\/api.w.org\/{rel}","templated":true}]}}