{"id":13916,"date":"2025-12-04T14:37:36","date_gmt":"2025-12-04T13:37:36","guid":{"rendered":"https:\/\/bildton.tv\/shop\/?post_type=product&#038;p=13916"},"modified":"2025-12-10T14:44:15","modified_gmt":"2025-12-10T13:44:15","slug":"0264-touch-go-plate-dv-camera-screw-kit-for-plate-0264-new","status":"publish","type":"product","link":"https:\/\/bildton.tv\/shop\/verkauf\/neu-ware\/0264-touch-go-plate-dv-camera-screw-kit-for-plate-0264-new\/","title":{"rendered":"0264 Touch &amp; Go plate DV &amp; Camera screw kit for plate 0264 NEW!"},"content":{"rendered":"<p>Sachtler Touch &amp; Go Plate DV<\/p>\n<p>Die Sachtler Touch &amp; Go Plate DV ist eine pr\u00e4zisionsgefertigte Kameraplatte, die f\u00fcr die nahtlose Kompatibilit\u00e4t mit den Sachtler Fluidk\u00f6pfen DV 2, DV 4, DV 6, DV 8, FSB 6 T, FSB 8 T, FSB 10 T, aktiv8T und aktiv10T entwickelt wurde.<br \/>\nSie verf\u00fcgt \u00fcber einen robusten Positionierstift und eine 1\/4&#8243;-Kameraschraube, die eine sichere und stabile Verbindung f\u00fcr Ihr Kamera-Setup gew\u00e4hrleisten.<\/p>\n<p>Ideal f\u00fcr schnelles, zuverl\u00e4ssiges Montieren und reibungslose \u00dcberg\u00e4nge am Set \u2013 diese Platte bietet die bew\u00e4hrte Sachtler-Qualit\u00e4t, auf die Profis vertrauen.<\/p>\n","protected":false},"excerpt":{"rendered":"<p>L\u00e4nge. 62mm<\/p>\n<p>Breite: 45mm<\/p>\n","protected":false},"featured_media":13925,"template":"","meta":[],"product_brand":[],"product_cat":[741],"product_tag":[1198,1196,138,834,1197],"class_list":{"0":"post-13916","1":"product","2":"type-product","3":"status-publish","4":"has-post-thumbnail","6":"product_cat-neu-ware","7":"product_tag-kameraplatte","8":"product_tag-keilplatte","9":"product_tag-sachtler","10":"product_tag-stativplatte","11":"product_tag-touch-go-plate","13":"first","14":"instock","15":"sale","16":"taxable","17":"shipping-taxable","18":"purchasable","19":"product-type-simple"},"_links":{"self":[{"href":"https:\/\/bildton.tv\/shop\/wp-json\/wp\/v2\/product\/13916","targetHints":{"allow":["GET"]}}],"collection":[{"href":"https:\/\/bildton.tv\/shop\/wp-json\/wp\/v2\/product"}],"about":[{"href":"https:\/\/bildton.tv\/shop\/wp-json\/wp\/v2\/types\/product"}],"version-history":[{"count":1,"href":"https:\/\/bildton.tv\/shop\/wp-json\/wp\/v2\/product\/13916\/revisions"}],"predecessor-version":[{"id":13920,"href":"https:\/\/bildton.tv\/shop\/wp-json\/wp\/v2\/product\/13916\/revisions\/13920"}],"wp:featuredmedia":[{"embeddable":true,"href":"https:\/\/bildton.tv\/shop\/wp-json\/wp\/v2\/media\/13925"}],"wp:attachment":[{"href":"https:\/\/bildton.tv\/shop\/wp-json\/wp\/v2\/media?parent=13916"}],"wp:term":[{"taxonomy":"product_brand","embeddable":true,"href":"https:\/\/bildton.tv\/shop\/wp-json\/wp\/v2\/product_brand?post=13916"},{"taxonomy":"product_cat","embeddable":true,"href":"https:\/\/bildton.tv\/shop\/wp-json\/wp\/v2\/product_cat?post=13916"},{"taxonomy":"product_tag","embeddable":true,"href":"https:\/\/bildton.tv\/shop\/wp-json\/wp\/v2\/product_tag?post=13916"}],"curies":[{"name":"wp","href":"https:\/\/api.w.org\/{rel}","templated":true}]}}