{"id":13961,"date":"2025-12-11T17:33:08","date_gmt":"2025-12-11T16:33:08","guid":{"rendered":"https:\/\/bildton.tv\/shop\/?post_type=product&#038;p=13961"},"modified":"2026-04-29T10:50:09","modified_gmt":"2026-04-29T08:50:09","slug":"prosup-tango-roller-slider","status":"publish","type":"product","link":"https:\/\/bildton.tv\/shop\/verkauf\/camera-more\/prosup-tango-roller-slider\/","title":{"rendered":"Prosup Tango Roller Slider"},"content":{"rendered":"<p>Verkauf im Kundenauftrag<\/p>\n<p>&nbsp;<\/p>\n<p>Lieferumfang:<br \/>\n\u2022 1\u00d7 Slider mit 100 mm Stativ-Bowl und Tie-Down<br \/>\n\u2022 1\u00d7 Schiene 120 cm<br \/>\n\u2022 1\u00d7 Schiene 100 cm<br \/>\n\u2022 2\u00d7 Monopods<br \/>\n\u2022 2\u00d7 magnetische Endstopper<br \/>\n\u2022 3\u00d7 Schienenschwellen mit Nivellierf\u00fc\u00dfen<br \/>\n\u2022 1\u00d7 100 mm Stativadapter mit Feststellschraube<br \/>\n\u2022 1\u00d7 Pelicase<\/p>\n","protected":false},"excerpt":{"rendered":"<p>Verkauf im Kundenauftrag &nbsp; Lieferumfang: \u2022 1\u00d7 Slider mit 100 mm Stativ-Bowl und Tie-Down \u2022 1\u00d7 Schiene 120 cm \u2022<\/p>\n","protected":false},"featured_media":13963,"template":"","meta":[],"product_brand":[],"product_cat":[1067,1068],"product_tag":[136,414],"class_list":{"0":"post-13961","1":"product","2":"type-product","3":"status-publish","4":"has-post-thumbnail","6":"product_cat-camera-more","7":"product_cat-lighting-support","8":"product_tag-slider","9":"product_tag-slider-dolly","11":"first","12":"outofstock","13":"sale","14":"taxable","15":"shipping-taxable","16":"purchasable","17":"product-type-simple"},"_links":{"self":[{"href":"https:\/\/bildton.tv\/shop\/wp-json\/wp\/v2\/product\/13961","targetHints":{"allow":["GET"]}}],"collection":[{"href":"https:\/\/bildton.tv\/shop\/wp-json\/wp\/v2\/product"}],"about":[{"href":"https:\/\/bildton.tv\/shop\/wp-json\/wp\/v2\/types\/product"}],"version-history":[{"count":2,"href":"https:\/\/bildton.tv\/shop\/wp-json\/wp\/v2\/product\/13961\/revisions"}],"predecessor-version":[{"id":13971,"href":"https:\/\/bildton.tv\/shop\/wp-json\/wp\/v2\/product\/13961\/revisions\/13971"}],"wp:featuredmedia":[{"embeddable":true,"href":"https:\/\/bildton.tv\/shop\/wp-json\/wp\/v2\/media\/13963"}],"wp:attachment":[{"href":"https:\/\/bildton.tv\/shop\/wp-json\/wp\/v2\/media?parent=13961"}],"wp:term":[{"taxonomy":"product_brand","embeddable":true,"href":"https:\/\/bildton.tv\/shop\/wp-json\/wp\/v2\/product_brand?post=13961"},{"taxonomy":"product_cat","embeddable":true,"href":"https:\/\/bildton.tv\/shop\/wp-json\/wp\/v2\/product_cat?post=13961"},{"taxonomy":"product_tag","embeddable":true,"href":"https:\/\/bildton.tv\/shop\/wp-json\/wp\/v2\/product_tag?post=13961"}],"curies":[{"name":"wp","href":"https:\/\/api.w.org\/{rel}","templated":true}]}}