{"id":13994,"date":"2025-12-16T10:45:58","date_gmt":"2025-12-16T09:45:58","guid":{"rendered":"https:\/\/bildton.tv\/shop\/?post_type=product&#038;p=13994"},"modified":"2026-03-02T14:46:35","modified_gmt":"2026-03-02T13:46:35","slug":"easyrig-2-5-400n","status":"publish","type":"product","link":"https:\/\/bildton.tv\/shop\/verkauf\/camera-more\/easyrig-2-5-400n\/","title":{"rendered":"EasyRig 2.5  400N"},"content":{"rendered":"<p>Das Easyrig ist ergonomisch gestaltet und reduziert die statische Belastung der Nacken- und Schultermuskulatur, indem es diese auf die H\u00fcften verlagert \u2013 den K\u00f6rperbereich, der daf\u00fcr am besten geeignet ist. Es bietet die Geschwindigkeit und Beweglichkeit einer handgef\u00fchrten Kamera und erm\u00f6glicht dennoch ruhige Aufnahmen. Zudem erlaubt es die Freiheit, aus verschiedenen Positionen zu filmen.<\/p>\n<p>&nbsp;<\/p>\n<p>Verkauf im Kundenauftrag<\/p>\n","protected":false},"excerpt":{"rendered":"<p>Das Easyrig ist ergonomisch gestaltet und reduziert die statische Belastung der Nacken- und Schultermuskulatur, indem es diese auf die H\u00fcften<\/p>\n","protected":false},"featured_media":14001,"template":"","meta":[],"product_brand":[],"product_cat":[1067],"product_tag":[523,726],"class_list":{"0":"post-13994","1":"product","2":"type-product","3":"status-publish","4":"has-post-thumbnail","6":"product_cat-camera-more","7":"product_tag-easyrig","8":"product_tag-easyrig-2","10":"first","11":"outofstock","12":"taxable","13":"shipping-taxable","14":"purchasable","15":"product-type-simple"},"_links":{"self":[{"href":"https:\/\/bildton.tv\/shop\/wp-json\/wp\/v2\/product\/13994","targetHints":{"allow":["GET"]}}],"collection":[{"href":"https:\/\/bildton.tv\/shop\/wp-json\/wp\/v2\/product"}],"about":[{"href":"https:\/\/bildton.tv\/shop\/wp-json\/wp\/v2\/types\/product"}],"version-history":[{"count":1,"href":"https:\/\/bildton.tv\/shop\/wp-json\/wp\/v2\/product\/13994\/revisions"}],"predecessor-version":[{"id":14002,"href":"https:\/\/bildton.tv\/shop\/wp-json\/wp\/v2\/product\/13994\/revisions\/14002"}],"wp:featuredmedia":[{"embeddable":true,"href":"https:\/\/bildton.tv\/shop\/wp-json\/wp\/v2\/media\/14001"}],"wp:attachment":[{"href":"https:\/\/bildton.tv\/shop\/wp-json\/wp\/v2\/media?parent=13994"}],"wp:term":[{"taxonomy":"product_brand","embeddable":true,"href":"https:\/\/bildton.tv\/shop\/wp-json\/wp\/v2\/product_brand?post=13994"},{"taxonomy":"product_cat","embeddable":true,"href":"https:\/\/bildton.tv\/shop\/wp-json\/wp\/v2\/product_cat?post=13994"},{"taxonomy":"product_tag","embeddable":true,"href":"https:\/\/bildton.tv\/shop\/wp-json\/wp\/v2\/product_tag?post=13994"}],"curies":[{"name":"wp","href":"https:\/\/api.w.org\/{rel}","templated":true}]}}